{"id":1033,"date":"2023-11-23T10:17:31","date_gmt":"2023-11-23T10:17:31","guid":{"rendered":"https:\/\/steelflights.com\/?page_id=1033"},"modified":"2025-12-27T15:14:37","modified_gmt":"2025-12-27T15:14:37","slug":"ribbon-flighting","status":"publish","type":"page","link":"https:\/\/steelflights.com\/cs\/ribbon-flighting\/","title":{"rendered":"Letov\u00e1n\u00ed stuhou"},"content":{"rendered":"<div data-elementor-type=\"wp-page\" data-elementor-id=\"1033\" class=\"elementor elementor-1033\" data-elementor-post-type=\"page\">\n\t\t\t\t<div class=\"elementor-element elementor-element-fb8c911 e-flex e-con-boxed e-con e-parent\" data-id=\"fb8c911\" data-element_type=\"container\" data-e-type=\"container\">\n\t\t\t\t\t<div class=\"e-con-inner\">\n\t\t\t\t<div class=\"elementor-element elementor-element-c168738 elementor-widget elementor-widget-image\" data-id=\"c168738\" data-element_type=\"widget\" data-e-type=\"widget\" data-widget_type=\"image.default\">\n\t\t\t\t<div class=\"elementor-widget-container\">\n\t\t\t\t\t\t\t\t\t\t\t\t\t\t\t<img fetchpriority=\"high\" decoding=\"async\" width=\"640\" height=\"260\" src=\"https:\/\/steelflights.com\/wp-content\/uploads\/2023\/11\/cf9151eec8db2c9e114f9ec0137d80dd.jpg\" class=\"attachment-large size-large wp-image-1068\" alt=\"ribbon flighting\" srcset=\"https:\/\/steelflights.com\/wp-content\/uploads\/2023\/11\/cf9151eec8db2c9e114f9ec0137d80dd.jpg 640w, https:\/\/steelflights.com\/wp-content\/uploads\/2023\/11\/cf9151eec8db2c9e114f9ec0137d80dd-300x122.jpg 300w\" sizes=\"(max-width: 640px) 100vw, 640px\" \/>\t\t\t\t\t\t\t\t\t\t\t\t\t\t\t<\/div>\n\t\t\t\t<\/div>\n\t\t\t\t\t<\/div>\n\t\t\t\t<\/div>\n\t\t<div class=\"elementor-element elementor-element-b377527 e-flex e-con-boxed e-con e-parent\" data-id=\"b377527\" data-element_type=\"container\" data-e-type=\"container\">\n\t\t\t\t\t<div class=\"e-con-inner\">\n\t\t\t\t<div class=\"elementor-element elementor-element-792178f elementor-widget elementor-widget-text-editor\" data-id=\"792178f\" data-element_type=\"widget\" data-e-type=\"widget\" data-widget_type=\"text-editor.default\">\n\t\t\t\t<div class=\"elementor-widget-container\">\n\t\t\t\t\t\t\t\t\t<p>P\u00e1skov\u00e9 obt\u00e9k\u00e1n\u00ed ozna\u010duje specifick\u00fd typ \u0161roubov\u00e9ho obt\u00e9k\u00e1n\u00ed pou\u017e\u00edvan\u00fd ve \u0161nekov\u00fdch dopravn\u00edc\u00edch a \u0161nec\u00edch. Na rozd\u00edl od souvisl\u00e9ho \u0161roubovit\u00e9ho uspo\u0159\u00e1d\u00e1n\u00ed, kter\u00e9 se vyskytuje u standardn\u00edho \u0161roubov\u00e9ho obt\u00e9k\u00e1n\u00ed, se p\u00e1skov\u00e9 obt\u00e9k\u00e1n\u00ed skl\u00e1d\u00e1 z jednotliv\u00fdch, ploch\u00fdch a \u0161irok\u00fdch lopatek, kter\u00e9 jsou uspo\u0159\u00e1d\u00e1ny p\u00e1skovit\u011b kolem st\u0159edov\u00e9 h\u0159\u00eddele \u0161nekov\u00e9ho dopravn\u00edku nebo \u0161neku.<\/p><p>Mezi kl\u00ed\u010dov\u00e9 vlastnosti stuhov\u00e9ho letu pat\u0159\u00ed:<\/p><ol><li><p><strong>Ploch\u00e9, \u0161irok\u00e9 \u010depele:<\/strong> P\u00e1skov\u00e9 l\u00e9t\u00e1n\u00ed se skl\u00e1d\u00e1 z lopatek, kter\u00e9 jsou \u0161ir\u0161\u00ed a plo\u0161\u0161\u00ed ve srovn\u00e1n\u00ed se \u0161roubovit\u00fdmi lopatkami u tradi\u010dn\u00edho helikoidn\u00edho l\u00e9t\u00e1n\u00ed. Ploch\u00e1 konstrukce poskytuje v\u011bt\u0161\u00ed plochu pro kontakt s materi\u00e1lem.<\/p><\/li><li><p><strong>Segmentovan\u00e1 struktura:<\/strong> Lopatky v p\u00e1skov\u00e9m l\u00e9t\u00e1n\u00ed jsou \u010dasto \u010dlen\u011bn\u00e9 a rozm\u00edst\u011bn\u00e9 pod\u00e9l h\u0159\u00eddele \u0161neku, \u010d\u00edm\u017e vznikaj\u00ed mezi lopatkami mezery.<\/p><\/li><li><p><strong>P\u0159eprava materi\u00e1lu:<\/strong> P\u00e1skov\u00e9 obt\u00e9k\u00e1n\u00ed je vhodn\u00e9 pro p\u0159epravu soudr\u017en\u00fdch nebo lepiv\u00fdch materi\u00e1l\u016f. Mezery mezi lopatkami umo\u017e\u0148uj\u00ed lep\u0161\u00ed proud\u011bn\u00ed materi\u00e1lu, \u010d\u00edm\u017e se sni\u017euje riziko ucp\u00e1n\u00ed nebo n\u00e1nos\u016f.<\/p><\/li><li><p><strong>M\u00edch\u00e1n\u00ed a m\u00edch\u00e1n\u00ed:<\/strong> Konstrukce p\u00e1skov\u00e9ho letov\u00e1n\u00ed je vhodn\u00e1 pro m\u00edch\u00e1n\u00ed a m\u00edch\u00e1n\u00ed. \u010casto se pou\u017e\u00edv\u00e1 u \u0161nekov\u00fdch dopravn\u00edk\u016f, kde je po\u017eadov\u00e1na kombinace dopravy a m\u00edch\u00e1n\u00ed.<\/p><\/li><\/ol><p>P\u00e1skov\u00e1n\u00ed se b\u011b\u017en\u011b pou\u017e\u00edv\u00e1 v r\u016fzn\u00fdch pr\u016fmyslov\u00fdch odv\u011btv\u00edch, v\u010detn\u011b potravin\u00e1\u0159sk\u00e9ho, farmaceutick\u00e9ho a chemick\u00e9ho pr\u016fmyslu, kde mohou b\u00fdt materi\u00e1ly lepkav\u00e9 nebo n\u00e1chyln\u00e9 ke shlukov\u00e1n\u00ed. Konstrukce p\u00e1skov\u00e9ho obt\u00e9k\u00e1n\u00ed umo\u017e\u0148uje efektivn\u00ed dopravu materi\u00e1lu a z\u00e1rove\u0148 minimalizuje riziko jeho hromad\u011bn\u00ed.<\/p><p>P\u0159i v\u00fdb\u011bru obt\u00e9k\u00e1n\u00ed \u0161nekov\u00e9ho dopravn\u00edku nebo \u0161neku z\u00e1vis\u00ed volba mezi p\u00e1skov\u00fdm obt\u00e9k\u00e1n\u00edm a jin\u00fdmi typy obt\u00e9k\u00e1n\u00ed na specifick\u00fdch vlastnostech zpracov\u00e1van\u00fdch materi\u00e1l\u016f a po\u017eadovan\u00e9m v\u00fdkonu dopravn\u00edkov\u00e9ho syst\u00e9mu.<\/p>\t\t\t\t\t\t\t\t<\/div>\n\t\t\t\t<\/div>\n\t\t\t\t\t<\/div>\n\t\t\t\t<\/div>\n\t\t\t\t<\/div>","protected":false},"excerpt":{"rendered":"<p>Ribbon flighting refers to a specific type of helical flighting used in screw conveyors and augers. Unlike the continuous helical design found in standard helicoid flighting, ribbon flighting consists of individual, flat, and wide blades that are arranged in a ribbon-like fashion around the central shaft of a screw conveyor or auger. Key characteristics of [&hellip;]<\/p>\n","protected":false},"author":1,"featured_media":0,"parent":0,"menu_order":0,"comment_status":"closed","ping_status":"closed","template":"","meta":{"site-sidebar-layout":"no-sidebar","site-content-layout":"page-builder","ast-site-content-layout":"full-width-container","site-content-style":"default","site-sidebar-style":"default","ast-global-header-display":"","ast-banner-title-visibility":"","ast-main-header-display":"","ast-hfb-above-header-display":"","ast-hfb-below-header-display":"","ast-hfb-mobile-header-display":"","site-post-title":"disabled","ast-breadcrumbs-content":"","ast-featured-img":"disabled","footer-sml-layout":"","theme-transparent-header-meta":"","adv-header-id-meta":"","stick-header-meta":"","header-above-stick-meta":"","header-main-stick-meta":"","header-below-stick-meta":"","astra-migrate-meta-layouts":"set","ast-page-background-enabled":"default","ast-page-background-meta":{"desktop":{"background-color":"","background-image":"","background-repeat":"repeat","background-position":"center center","background-size":"auto","background-attachment":"scroll","background-type":"","background-media":"","overlay-type":"","overlay-color":"","overlay-opacity":"","overlay-gradient":""},"tablet":{"background-color":"","background-image":"","background-repeat":"repeat","background-position":"center center","background-size":"auto","background-attachment":"scroll","background-type":"","background-media":"","overlay-type":"","overlay-color":"","overlay-opacity":"","overlay-gradient":""},"mobile":{"background-color":"","background-image":"","background-repeat":"repeat","background-position":"center center","background-size":"auto","background-attachment":"scroll","background-type":"","background-media":"","overlay-type":"","overlay-color":"","overlay-opacity":"","overlay-gradient":""}},"ast-content-background-meta":{"desktop":{"background-color":"var(--ast-global-color-5)","background-image":"","background-repeat":"repeat","background-position":"center center","background-size":"auto","background-attachment":"scroll","background-type":"","background-media":"","overlay-type":"","overlay-color":"","overlay-opacity":"","overlay-gradient":""},"tablet":{"background-color":"var(--ast-global-color-5)","background-image":"","background-repeat":"repeat","background-position":"center center","background-size":"auto","background-attachment":"scroll","background-type":"","background-media":"","overlay-type":"","overlay-color":"","overlay-opacity":"","overlay-gradient":""},"mobile":{"background-color":"var(--ast-global-color-5)","background-image":"","background-repeat":"repeat","background-position":"center center","background-size":"auto","background-attachment":"scroll","background-type":"","background-media":"","overlay-type":"","overlay-color":"","overlay-opacity":"","overlay-gradient":""}},"footnotes":""},"class_list":["post-1033","page","type-page","status-publish","hentry"],"_links":{"self":[{"href":"https:\/\/steelflights.com\/cs\/wp-json\/wp\/v2\/pages\/1033","targetHints":{"allow":["GET"]}}],"collection":[{"href":"https:\/\/steelflights.com\/cs\/wp-json\/wp\/v2\/pages"}],"about":[{"href":"https:\/\/steelflights.com\/cs\/wp-json\/wp\/v2\/types\/page"}],"author":[{"embeddable":true,"href":"https:\/\/steelflights.com\/cs\/wp-json\/wp\/v2\/users\/1"}],"replies":[{"embeddable":true,"href":"https:\/\/steelflights.com\/cs\/wp-json\/wp\/v2\/comments?post=1033"}],"version-history":[{"count":6,"href":"https:\/\/steelflights.com\/cs\/wp-json\/wp\/v2\/pages\/1033\/revisions"}],"predecessor-version":[{"id":1454,"href":"https:\/\/steelflights.com\/cs\/wp-json\/wp\/v2\/pages\/1033\/revisions\/1454"}],"wp:attachment":[{"href":"https:\/\/steelflights.com\/cs\/wp-json\/wp\/v2\/media?parent=1033"}],"curies":[{"name":"wp","href":"https:\/\/api.w.org\/{rel}","templated":true}]}}