{"id":965,"date":"2023-11-20T15:14:27","date_gmt":"2023-11-20T15:14:27","guid":{"rendered":"https:\/\/steelflights.com\/?page_id=965"},"modified":"2024-02-19T06:24:14","modified_gmt":"2024-02-19T06:24:14","slug":"industries","status":"publish","type":"page","link":"https:\/\/steelflights.com\/cs\/industries\/","title":{"rendered":"Odv\u011btv\u00ed"},"content":{"rendered":"<div data-elementor-type=\"wp-page\" data-elementor-id=\"965\" class=\"elementor elementor-965\" data-elementor-post-type=\"page\">\n\t\t\t\t<div class=\"elementor-element elementor-element-4cec991 e-flex e-con-boxed e-con e-parent\" data-id=\"4cec991\" data-element_type=\"container\" data-e-type=\"container\">\n\t\t\t\t\t<div class=\"e-con-inner\">\n\t\t\t\t<div class=\"elementor-element elementor-element-385866c elementor-widget elementor-widget-heading\" data-id=\"385866c\" data-element_type=\"widget\" data-e-type=\"widget\" data-widget_type=\"heading.default\">\n\t\t\t\t<div class=\"elementor-widget-container\">\n\t\t\t\t\t<h2 class=\"elementor-heading-title elementor-size-default\">Odv\u011btv\u00ed, kter\u00fdm poskytujeme slu\u017eby<\/h2>\t\t\t\t<\/div>\n\t\t\t\t<\/div>\n\t\t\t\t\t<\/div>\n\t\t\t\t<\/div>\n\t\t<div class=\"elementor-element elementor-element-b7d9f48 e-flex e-con-boxed e-con e-parent\" data-id=\"b7d9f48\" data-element_type=\"container\" data-e-type=\"container\">\n\t\t\t\t\t<div class=\"e-con-inner\">\n\t\t\t\t<div class=\"elementor-element elementor-element-53aae4a elementor-widget elementor-widget-text-editor\" data-id=\"53aae4a\" data-element_type=\"widget\" data-e-type=\"widget\" data-widget_type=\"text-editor.default\">\n\t\t\t\t<div class=\"elementor-widget-container\">\n\t\t\t\t\t\t\t\t\t<p>Na\u0161e letov\u00e9 aplikace zahrnuj\u00ed pou\u017eit\u00ed u v\u00fdrobc\u016f stavebn\u00edch a zem\u011bd\u011blsk\u00fdch stroj\u016f v m\u00edchac\u00edch a kopac\u00edch stroj\u00edch, v potravin\u00e1\u0159sk\u00e9m pr\u016fmyslu pro specializovan\u00e1 za\u0159\u00edzen\u00ed, \u0161neky ve vrtn\u00e9m pr\u016fmyslu v r\u016fzn\u00fdch podob\u00e1ch. \u010cist\u00edrny odpadn\u00edch vod pou\u017e\u00edvaj\u00ed na\u0161e \u0161nekov\u00e9 dopravn\u00edky k p\u0159esunu kal\u016f v procesu odvod\u0148ov\u00e1n\u00ed. Na\u0161e v\u00fdrobky se pou\u017e\u00edvaj\u00ed tak\u00e9 ve sladovnick\u00fdch za\u0159\u00edzen\u00edch a sn\u011bhov\u00fdch fr\u00e9z\u00e1ch. Na\u0161e v\u00fdrobky jsou tvo\u0159eny z r\u016fzn\u00fdch surovin, kter\u00e9 zahrnuj\u00ed uhl\u00edkov\u00e9 a nerezov\u00e9 oceli, vysokopevnostn\u00ed a ot\u011bruvzdorn\u00e9 oceli, legovan\u00e9 oceli, hlin\u00edk a titan. Mezi odv\u011btv\u00ed, kter\u00fdm slou\u017e\u00edme, pat\u0159\u00ed:<\/p>\t\t\t\t\t\t\t\t<\/div>\n\t\t\t\t<\/div>\n\t\t\t\t\t<\/div>\n\t\t\t\t<\/div>\n\t\t<div class=\"elementor-element elementor-element-1f6f9de e-flex e-con-boxed e-con e-parent\" data-id=\"1f6f9de\" data-element_type=\"container\" data-e-type=\"container\">\n\t\t\t\t\t<div class=\"e-con-inner\">\n\t\t<div class=\"elementor-element elementor-element-53f86c3 e-con-full e-flex e-con e-child\" data-id=\"53f86c3\" data-element_type=\"container\" data-e-type=\"container\">\n\t\t\t\t<div class=\"elementor-element elementor-element-24e13d0 elementor-widget elementor-widget-image\" data-id=\"24e13d0\" data-element_type=\"widget\" data-e-type=\"widget\" data-widget_type=\"image.default\">\n\t\t\t\t<div class=\"elementor-widget-container\">\n\t\t\t\t\t\t\t\t\t\t\t\t\t\t\t<img fetchpriority=\"high\" decoding=\"async\" width=\"801\" height=\"523\" src=\"https:\/\/steelflights.com\/wp-content\/uploads\/2023\/12\/construction-industry-screw-conveyor.png\" class=\"attachment-large size-large wp-image-1116\" alt=\"construction industry\" srcset=\"https:\/\/steelflights.com\/wp-content\/uploads\/2023\/12\/construction-industry-screw-conveyor.png 801w, https:\/\/steelflights.com\/wp-content\/uploads\/2023\/12\/construction-industry-screw-conveyor-300x196.png 300w, https:\/\/steelflights.com\/wp-content\/uploads\/2023\/12\/construction-industry-screw-conveyor-768x501.png 768w\" sizes=\"(max-width: 801px) 100vw, 801px\" \/>\t\t\t\t\t\t\t\t\t\t\t\t\t\t\t<\/div>\n\t\t\t\t<\/div>\n\t\t\t\t<\/div>\n\t\t<div class=\"elementor-element elementor-element-2fcbc4c e-con-full e-flex e-con e-child\" data-id=\"2fcbc4c\" data-element_type=\"container\" data-e-type=\"container\">\n\t\t\t\t<div class=\"elementor-element elementor-element-087e838 elementor-widget elementor-widget-heading\" data-id=\"087e838\" data-element_type=\"widget\" data-e-type=\"widget\" data-widget_type=\"heading.default\">\n\t\t\t\t<div class=\"elementor-widget-container\">\n\t\t\t\t\t<h2 class=\"elementor-heading-title elementor-size-default\">Stavebnictv\u00ed <\/h2>\t\t\t\t<\/div>\n\t\t\t\t<\/div>\n\t\t\t\t<div class=\"elementor-element elementor-element-3e84009 elementor-widget elementor-widget-text-editor\" data-id=\"3e84009\" data-element_type=\"widget\" data-e-type=\"widget\" data-widget_type=\"text-editor.default\">\n\t\t\t\t<div class=\"elementor-widget-container\">\n\t\t\t\t\t\t\t\t\t<p>Stavebn\u00ed aplikace:<\/p><ul><li>\u0160nekov\u00e9 piloty<\/li><li>P\u0159\u00eddavn\u00e9 \u0161neky<\/li><li>Horizont\u00e1ln\u00ed vrt\u00e1n\u00ed<\/li><li>Bagrov\u00e1n\u00ed<\/li><li>\u010cerpadla na maltu<\/li><li>Vruty na piloty<\/li><\/ul>\t\t\t\t\t\t\t\t<\/div>\n\t\t\t\t<\/div>\n\t\t\t\t<\/div>\n\t\t\t\t\t<\/div>\n\t\t\t\t<\/div>\n\t\t<div class=\"elementor-element elementor-element-d09589d e-flex e-con-boxed e-con e-parent\" data-id=\"d09589d\" data-element_type=\"container\" data-e-type=\"container\">\n\t\t\t\t\t<div class=\"e-con-inner\">\n\t\t<div class=\"elementor-element elementor-element-286bf36 e-con-full e-flex e-con e-child\" data-id=\"286bf36\" data-element_type=\"container\" data-e-type=\"container\">\n\t\t\t\t<div class=\"elementor-element elementor-element-1bb455c elementor-widget elementor-widget-image\" data-id=\"1bb455c\" data-element_type=\"widget\" data-e-type=\"widget\" data-widget_type=\"image.default\">\n\t\t\t\t<div class=\"elementor-widget-container\">\n\t\t\t\t\t\t\t\t\t\t\t\t\t\t\t<img decoding=\"async\" width=\"907\" height=\"604\" src=\"https:\/\/steelflights.com\/wp-content\/uploads\/2023\/12\/agriculture-industry-screw-conveyor-e1701601925497.png\" class=\"attachment-large size-large wp-image-1111\" alt=\"agriculture industry screw conveyor\" srcset=\"https:\/\/steelflights.com\/wp-content\/uploads\/2023\/12\/agriculture-industry-screw-conveyor-e1701601925497.png 907w, https:\/\/steelflights.com\/wp-content\/uploads\/2023\/12\/agriculture-industry-screw-conveyor-e1701601925497-300x200.png 300w, https:\/\/steelflights.com\/wp-content\/uploads\/2023\/12\/agriculture-industry-screw-conveyor-e1701601925497-768x511.png 768w\" sizes=\"(max-width: 907px) 100vw, 907px\" \/>\t\t\t\t\t\t\t\t\t\t\t\t\t\t\t<\/div>\n\t\t\t\t<\/div>\n\t\t\t\t<\/div>\n\t\t<div class=\"elementor-element elementor-element-5418f4c e-con-full e-flex e-con e-child\" data-id=\"5418f4c\" data-element_type=\"container\" data-e-type=\"container\">\n\t\t\t\t<div class=\"elementor-element elementor-element-6b7d324 elementor-widget elementor-widget-heading\" data-id=\"6b7d324\" data-element_type=\"widget\" data-e-type=\"widget\" data-widget_type=\"heading.default\">\n\t\t\t\t<div class=\"elementor-widget-container\">\n\t\t\t\t\t<h2 class=\"elementor-heading-title elementor-size-default\">Zem\u011bd\u011blsk\u00fd pr\u016fmysl <\/h2>\t\t\t\t<\/div>\n\t\t\t\t<\/div>\n\t\t\t\t<div class=\"elementor-element elementor-element-cbda8be elementor-widget elementor-widget-text-editor\" data-id=\"cbda8be\" data-element_type=\"widget\" data-e-type=\"widget\" data-widget_type=\"text-editor.default\">\n\t\t\t\t<div class=\"elementor-widget-container\">\n\t\t\t\t\t\t\t\t\t<p>Zem\u011bd\u011blsk\u00e9 aplikace:<\/p><ul><li>Skladov\u00e1n\u00ed pytl\u016f na obil\u00ed<\/li><li>Pod\u00e1vac\u00ed \u0161rouby<\/li><li>Vyklada\u010de sil<\/li><\/ul>\t\t\t\t\t\t\t\t<\/div>\n\t\t\t\t<\/div>\n\t\t\t\t<\/div>\n\t\t\t\t\t<\/div>\n\t\t\t\t<\/div>\n\t\t<div class=\"elementor-element elementor-element-df2c13d e-flex e-con-boxed e-con e-parent\" data-id=\"df2c13d\" data-element_type=\"container\" data-e-type=\"container\">\n\t\t\t\t\t<div class=\"e-con-inner\">\n\t\t<div class=\"elementor-element elementor-element-90d5b81 e-con-full e-flex e-con e-child\" data-id=\"90d5b81\" data-element_type=\"container\" data-e-type=\"container\">\n\t\t\t\t<div class=\"elementor-element elementor-element-dbb63b2 elementor-widget elementor-widget-image\" data-id=\"dbb63b2\" data-element_type=\"widget\" data-e-type=\"widget\" data-widget_type=\"image.default\">\n\t\t\t\t<div class=\"elementor-widget-container\">\n\t\t\t\t\t\t\t\t\t\t\t\t\t\t\t<img decoding=\"async\" width=\"801\" height=\"513\" src=\"https:\/\/steelflights.com\/wp-content\/uploads\/2023\/12\/drilling-industry-screw-conveyor.png\" class=\"attachment-large size-large wp-image-1112\" alt=\"drilling industry screw conveyor\" srcset=\"https:\/\/steelflights.com\/wp-content\/uploads\/2023\/12\/drilling-industry-screw-conveyor.png 801w, https:\/\/steelflights.com\/wp-content\/uploads\/2023\/12\/drilling-industry-screw-conveyor-300x192.png 300w, https:\/\/steelflights.com\/wp-content\/uploads\/2023\/12\/drilling-industry-screw-conveyor-768x492.png 768w\" sizes=\"(max-width: 801px) 100vw, 801px\" \/>\t\t\t\t\t\t\t\t\t\t\t\t\t\t\t<\/div>\n\t\t\t\t<\/div>\n\t\t\t\t<\/div>\n\t\t<div class=\"elementor-element elementor-element-1b1688a e-con-full e-flex e-con e-child\" data-id=\"1b1688a\" data-element_type=\"container\" data-e-type=\"container\">\n\t\t\t\t<div class=\"elementor-element elementor-element-e8102c5 elementor-widget elementor-widget-heading\" data-id=\"e8102c5\" data-element_type=\"widget\" data-e-type=\"widget\" data-widget_type=\"heading.default\">\n\t\t\t\t<div class=\"elementor-widget-container\">\n\t\t\t\t\t<h2 class=\"elementor-heading-title elementor-size-default\">Vrtn\u00fd pr\u016fmysl<\/h2>\t\t\t\t<\/div>\n\t\t\t\t<\/div>\n\t\t\t\t<div class=\"elementor-element elementor-element-432d5b6 elementor-widget elementor-widget-text-editor\" data-id=\"432d5b6\" data-element_type=\"widget\" data-e-type=\"widget\" data-widget_type=\"text-editor.default\">\n\t\t\t\t<div class=\"elementor-widget-container\">\n\t\t\t\t\t\t\t\t\t<p>Vrtn\u00e9 aplikace:<\/p><ul><li>Dut\u00e9 j\u00e1dro<\/li><li>Vrtn\u00e9 soupravy<\/li><li>P\u0159\u00eddavn\u00e9 \u0161neky<\/li><li>\u0160nekov\u00e9 piloty<\/li><li>Ru\u010dn\u00ed \u0161nek<\/li><li>Horizont\u00e1ln\u00ed vrt\u00e1n\u00ed<\/li><li>P\u0159\u00edkopy<\/li><\/ul>\t\t\t\t\t\t\t\t<\/div>\n\t\t\t\t<\/div>\n\t\t\t\t<\/div>\n\t\t\t\t\t<\/div>\n\t\t\t\t<\/div>\n\t\t<div class=\"elementor-element elementor-element-158b5b2 e-flex e-con-boxed e-con e-parent\" data-id=\"158b5b2\" data-element_type=\"container\" data-e-type=\"container\">\n\t\t\t\t\t<div class=\"e-con-inner\">\n\t\t<div class=\"elementor-element elementor-element-9b744aa e-con-full e-flex e-con e-child\" data-id=\"9b744aa\" data-element_type=\"container\" data-e-type=\"container\">\n\t\t\t\t<div class=\"elementor-element elementor-element-92d2483 elementor-widget elementor-widget-image\" data-id=\"92d2483\" data-element_type=\"widget\" data-e-type=\"widget\" data-widget_type=\"image.default\">\n\t\t\t\t<div class=\"elementor-widget-container\">\n\t\t\t\t\t\t\t\t\t\t\t\t\t\t\t<img loading=\"lazy\" decoding=\"async\" width=\"736\" height=\"540\" src=\"https:\/\/steelflights.com\/wp-content\/uploads\/2023\/12\/wastewater-industry-screw-conveyor-e1701601954755.png\" class=\"attachment-large size-large wp-image-1114\" alt=\"wastewater industry screw conveyor\" srcset=\"https:\/\/steelflights.com\/wp-content\/uploads\/2023\/12\/wastewater-industry-screw-conveyor-e1701601954755.png 736w, https:\/\/steelflights.com\/wp-content\/uploads\/2023\/12\/wastewater-industry-screw-conveyor-e1701601954755-300x220.png 300w\" sizes=\"(max-width: 736px) 100vw, 736px\" \/>\t\t\t\t\t\t\t\t\t\t\t\t\t\t\t<\/div>\n\t\t\t\t<\/div>\n\t\t\t\t<\/div>\n\t\t<div class=\"elementor-element elementor-element-c1ed299 e-con-full e-flex e-con e-child\" data-id=\"c1ed299\" data-element_type=\"container\" data-e-type=\"container\">\n\t\t\t\t<div class=\"elementor-element elementor-element-a3b01de elementor-widget elementor-widget-heading\" data-id=\"a3b01de\" data-element_type=\"widget\" data-e-type=\"widget\" data-widget_type=\"heading.default\">\n\t\t\t\t<div class=\"elementor-widget-container\">\n\t\t\t\t\t<h2 class=\"elementor-heading-title elementor-size-default\">Pr\u016fmysl \u017eivotn\u00edho prost\u0159ed\u00ed<\/h2>\t\t\t\t<\/div>\n\t\t\t\t<\/div>\n\t\t\t\t<div class=\"elementor-element elementor-element-f0bae12 elementor-widget elementor-widget-text-editor\" data-id=\"f0bae12\" data-element_type=\"widget\" data-e-type=\"widget\" data-widget_type=\"text-editor.default\">\n\t\t\t\t<div class=\"elementor-widget-container\">\n\t\t\t\t\t\t\t\t\t<p>Environment\u00e1ln\u00ed aplikace:<\/p><ul><li>\u010cerpadla s otev\u0159en\u00fdm \u0161roubem<\/li><li>Archim\u00e9d\u016fv \u0161roub<\/li><li>\u010cerpadlo<\/li><li>Bezh\u0159\u00eddelov\u00e9 \u0161rouby<\/li><li>\u010cisti\u010de rybn\u00edk\u016f<\/li><li>Spalov\u00e1n\u00ed biomasy<\/li><li>Kompaktory na odpadky<\/li><li>Odvod\u0148ovac\u00ed \u0161rouby<\/li><li>\u0160rouby fermentoru<\/li><\/ul>\t\t\t\t\t\t\t\t<\/div>\n\t\t\t\t<\/div>\n\t\t\t\t<\/div>\n\t\t\t\t\t<\/div>\n\t\t\t\t<\/div>\n\t\t<div class=\"elementor-element elementor-element-34a4aac e-flex e-con-boxed e-con e-parent\" data-id=\"34a4aac\" data-element_type=\"container\" data-e-type=\"container\">\n\t\t\t\t\t<div class=\"e-con-inner\">\n\t\t<div class=\"elementor-element elementor-element-bf0c409 e-con-full e-flex e-con e-child\" data-id=\"bf0c409\" data-element_type=\"container\" data-e-type=\"container\">\n\t\t\t\t<div class=\"elementor-element elementor-element-567ae7b elementor-widget elementor-widget-image\" data-id=\"567ae7b\" data-element_type=\"widget\" data-e-type=\"widget\" data-widget_type=\"image.default\">\n\t\t\t\t<div class=\"elementor-widget-container\">\n\t\t\t\t\t\t\t\t\t\t\t\t\t\t\t<img loading=\"lazy\" decoding=\"async\" width=\"679\" height=\"501\" src=\"https:\/\/steelflights.com\/wp-content\/uploads\/2023\/12\/food-industry-screw-conveyor.png\" class=\"attachment-large size-large wp-image-1117\" alt=\"food industry screw conveyor\" srcset=\"https:\/\/steelflights.com\/wp-content\/uploads\/2023\/12\/food-industry-screw-conveyor.png 679w, https:\/\/steelflights.com\/wp-content\/uploads\/2023\/12\/food-industry-screw-conveyor-300x221.png 300w\" sizes=\"(max-width: 679px) 100vw, 679px\" \/>\t\t\t\t\t\t\t\t\t\t\t\t\t\t\t<\/div>\n\t\t\t\t<\/div>\n\t\t\t\t<\/div>\n\t\t<div class=\"elementor-element elementor-element-bbe8a4a e-con-full e-flex e-con e-child\" data-id=\"bbe8a4a\" data-element_type=\"container\" data-e-type=\"container\">\n\t\t\t\t<div class=\"elementor-element elementor-element-c4d55b4 elementor-widget elementor-widget-heading\" data-id=\"c4d55b4\" data-element_type=\"widget\" data-e-type=\"widget\" data-widget_type=\"heading.default\">\n\t\t\t\t<div class=\"elementor-widget-container\">\n\t\t\t\t\t<h2 class=\"elementor-heading-title elementor-size-default\">Potravin\u00e1\u0159sk\u00fd pr\u016fmysl<\/h2>\t\t\t\t<\/div>\n\t\t\t\t<\/div>\n\t\t\t\t<div class=\"elementor-element elementor-element-3476b84 elementor-widget elementor-widget-text-editor\" data-id=\"3476b84\" data-element_type=\"widget\" data-e-type=\"widget\" data-widget_type=\"text-editor.default\">\n\t\t\t\t<div class=\"elementor-widget-container\">\n\t\t\t\t\t\t\t\t\t<p>Potravin\u00e1\u0159sk\u00e9 aplikace:<\/p><ul><li>Peka\u0159sk\u00e9 \u0161rouby<\/li><li>\u0160rouby do masa<\/li><li>Mix\u00e9ry na zmrzlinu<\/li><li>Pod\u00e1vac\u00ed \u0161roub<\/li><li>Sladovnick\u00e1 za\u0159\u00edzen\u00ed<\/li><\/ul>\t\t\t\t\t\t\t\t<\/div>\n\t\t\t\t<\/div>\n\t\t\t\t<\/div>\n\t\t\t\t\t<\/div>\n\t\t\t\t<\/div>\n\t\t\t\t<\/div>","protected":false},"excerpt":{"rendered":"<p>Industries We Served Our flights applications include use by construction and agriculture equipment manufacturers in mixing and digging machinery, by the food processing industry for specialized equipment, augers in the drilling industry in a variety of ways. Wastewater treatment plants use our screw conveyors to move sludge through the dewatering process. Our products are also [&hellip;]<\/p>\n","protected":false},"author":1,"featured_media":0,"parent":0,"menu_order":0,"comment_status":"closed","ping_status":"closed","template":"","meta":{"site-sidebar-layout":"no-sidebar","site-content-layout":"page-builder","ast-site-content-layout":"full-width-container","site-content-style":"default","site-sidebar-style":"default","ast-global-header-display":"","ast-banner-title-visibility":"","ast-main-header-display":"","ast-hfb-above-header-display":"","ast-hfb-below-header-display":"","ast-hfb-mobile-header-display":"","site-post-title":"disabled","ast-breadcrumbs-content":"","ast-featured-img":"disabled","footer-sml-layout":"","theme-transparent-header-meta":"","adv-header-id-meta":"","stick-header-meta":"","header-above-stick-meta":"","header-main-stick-meta":"","header-below-stick-meta":"","astra-migrate-meta-layouts":"set","ast-page-background-enabled":"default","ast-page-background-meta":{"desktop":{"background-color":"","background-image":"","background-repeat":"repeat","background-position":"center center","background-size":"auto","background-attachment":"scroll","background-type":"","background-media":"","overlay-type":"","overlay-color":"","overlay-opacity":"","overlay-gradient":""},"tablet":{"background-color":"","background-image":"","background-repeat":"repeat","background-position":"center center","background-size":"auto","background-attachment":"scroll","background-type":"","background-media":"","overlay-type":"","overlay-color":"","overlay-opacity":"","overlay-gradient":""},"mobile":{"background-color":"","background-image":"","background-repeat":"repeat","background-position":"center center","background-size":"auto","background-attachment":"scroll","background-type":"","background-media":"","overlay-type":"","overlay-color":"","overlay-opacity":"","overlay-gradient":""}},"ast-content-background-meta":{"desktop":{"background-color":"var(--ast-global-color-5)","background-image":"","background-repeat":"repeat","background-position":"center center","background-size":"auto","background-attachment":"scroll","background-type":"","background-media":"","overlay-type":"","overlay-color":"","overlay-opacity":"","overlay-gradient":""},"tablet":{"background-color":"var(--ast-global-color-5)","background-image":"","background-repeat":"repeat","background-position":"center center","background-size":"auto","background-attachment":"scroll","background-type":"","background-media":"","overlay-type":"","overlay-color":"","overlay-opacity":"","overlay-gradient":""},"mobile":{"background-color":"var(--ast-global-color-5)","background-image":"","background-repeat":"repeat","background-position":"center center","background-size":"auto","background-attachment":"scroll","background-type":"","background-media":"","overlay-type":"","overlay-color":"","overlay-opacity":"","overlay-gradient":""}},"footnotes":""},"class_list":["post-965","page","type-page","status-publish","hentry"],"_links":{"self":[{"href":"https:\/\/steelflights.com\/cs\/wp-json\/wp\/v2\/pages\/965","targetHints":{"allow":["GET"]}}],"collection":[{"href":"https:\/\/steelflights.com\/cs\/wp-json\/wp\/v2\/pages"}],"about":[{"href":"https:\/\/steelflights.com\/cs\/wp-json\/wp\/v2\/types\/page"}],"author":[{"embeddable":true,"href":"https:\/\/steelflights.com\/cs\/wp-json\/wp\/v2\/users\/1"}],"replies":[{"embeddable":true,"href":"https:\/\/steelflights.com\/cs\/wp-json\/wp\/v2\/comments?post=965"}],"version-history":[{"count":5,"href":"https:\/\/steelflights.com\/cs\/wp-json\/wp\/v2\/pages\/965\/revisions"}],"predecessor-version":[{"id":1222,"href":"https:\/\/steelflights.com\/cs\/wp-json\/wp\/v2\/pages\/965\/revisions\/1222"}],"wp:attachment":[{"href":"https:\/\/steelflights.com\/cs\/wp-json\/wp\/v2\/media?parent=965"}],"curies":[{"name":"wp","href":"https:\/\/api.w.org\/{rel}","templated":true}]}}