{"id":974,"date":"2023-11-20T15:22:32","date_gmt":"2023-11-20T15:22:32","guid":{"rendered":"https:\/\/steelflights.com\/?page_id=974"},"modified":"2023-11-28T07:36:49","modified_gmt":"2023-11-28T07:36:49","slug":"helicoid-flighting","status":"publish","type":"page","link":"https:\/\/steelflights.com\/cs\/helicoid-flighting\/","title":{"rendered":"Helikoidn\u00ed l\u00e9t\u00e1n\u00ed"},"content":{"rendered":"<div data-elementor-type=\"wp-page\" data-elementor-id=\"974\" class=\"elementor elementor-974\" data-elementor-post-type=\"page\">\n\t\t\t\t<div class=\"elementor-element elementor-element-2b6f1b5 e-flex e-con-boxed e-con e-parent\" data-id=\"2b6f1b5\" data-element_type=\"container\" data-e-type=\"container\">\n\t\t\t\t\t<div class=\"e-con-inner\">\n\t\t\t\t<div class=\"elementor-element elementor-element-b3a7aef elementor-widget elementor-widget-image\" data-id=\"b3a7aef\" data-element_type=\"widget\" data-e-type=\"widget\" data-widget_type=\"image.default\">\n\t\t\t\t<div class=\"elementor-widget-container\">\n\t\t\t\t\t\t\t\t\t\t\t\t\t\t\t<img fetchpriority=\"high\" decoding=\"async\" width=\"550\" height=\"389\" src=\"https:\/\/steelflights.com\/wp-content\/uploads\/2023\/11\/Helicoid-auger-flights.webp\" class=\"attachment-large size-large wp-image-1063\" alt=\"Helicoid auger flights\" srcset=\"https:\/\/steelflights.com\/wp-content\/uploads\/2023\/11\/Helicoid-auger-flights.webp 550w, https:\/\/steelflights.com\/wp-content\/uploads\/2023\/11\/Helicoid-auger-flights-300x212.webp 300w\" sizes=\"(max-width: 550px) 100vw, 550px\" \/>\t\t\t\t\t\t\t\t\t\t\t\t\t\t\t<\/div>\n\t\t\t\t<\/div>\n\t\t\t\t\t<\/div>\n\t\t\t\t<\/div>\n\t\t<div class=\"elementor-element elementor-element-cade907 e-flex e-con-boxed e-con e-parent\" data-id=\"cade907\" data-element_type=\"container\" data-e-type=\"container\">\n\t\t\t\t\t<div class=\"e-con-inner\">\n\t\t\t\t<div class=\"elementor-element elementor-element-428dd97 elementor-widget elementor-widget-text-editor\" data-id=\"428dd97\" data-element_type=\"widget\" data-e-type=\"widget\" data-widget_type=\"text-editor.default\">\n\t\t\t\t<div class=\"elementor-widget-container\">\n\t\t\t\t\t\t\t\t\t<div id=\"content\" class=\"site-content\"><div class=\"ast-container\"><div id=\"primary\" class=\"content-area primary\"><main id=\"main\" class=\"site-main\"><article id=\"post-1031\" class=\"post-1031 page type-page status-publish ast-article-single\"><div class=\"entry-content clear\"><div class=\"elementor elementor-1031\" data-elementor-type=\"wp-page\" data-elementor-id=\"1031\"><div class=\"elementor-element elementor-element-4ab6b89 e-flex e-con-boxed e-con e-parent\" data-id=\"4ab6b89\" data-element_type=\"container\" data-settings=\"{&quot;content_width&quot;:&quot;boxed&quot;}\" data-core-v316-plus=\"true\"><div class=\"e-con-inner\"><div class=\"elementor-element elementor-element-9882f42 elementor-widget elementor-widget-text-editor\" data-id=\"9882f42\" data-element_type=\"widget\" data-widget_type=\"text-editor.default\"><div class=\"elementor-widget-container\"><p>\u0160roubov\u00fd let ozna\u010duje \u0161roubovit\u00e9 nebo spir\u00e1lovit\u00e9 lopatky, kter\u00e9 jsou sou\u010d\u00e1st\u00ed \u0161neku, co\u017e je za\u0159\u00edzen\u00ed nebo n\u00e1stroj \u0161roubovit\u00e9ho tvaru pou\u017e\u00edvan\u00fd k vrt\u00e1n\u00ed, doprav\u011b materi\u00e1l\u016f nebo jin\u00fdm \u00fa\u010del\u016fm. Term\u00edn \"\u0161nekov\u00fd let\" se konkr\u00e9tn\u011b vztahuje na lopatky ve tvaru spir\u00e1ly, kter\u00e9 pom\u00e1haj\u00ed p\u0159i pohybu materi\u00e1l\u016f v aplikac\u00edch, jako jsou \u0161nekov\u00e9 dopravn\u00edky nebo vrtn\u00e1 za\u0159\u00edzen\u00ed.<\/p><p>\u0160roubov\u00fd let se obvykle skl\u00e1d\u00e1 ze souvisl\u00e9ho \u0161roubovit\u00e9ho p\u00e1su, kter\u00fd se obt\u00e1\u010d\u00ed kolem st\u0159edov\u00e9ho h\u0159\u00eddele (v p\u0159\u00edpad\u011b h\u0159\u00eddelov\u00fdch \u0161nek\u016f) nebo tvo\u0159\u00ed \u0161roubovici bez st\u0159edov\u00e9ho h\u0159\u00eddele (v p\u0159\u00edpad\u011b bezh\u0159\u00eddelov\u00fdch \u0161nek\u016f). Konstrukce \u0161roubovice je nezbytn\u00e1 pro efektivn\u00ed pohyb materi\u00e1lu po cel\u00e9 d\u00e9lce \u0161neku.<\/p><p>Mezi kl\u00ed\u010dov\u00e9 vlastnosti helikoidn\u00edch \u0161nekov\u00fdch let\u016f pat\u0159\u00ed:<\/p><ol><li><p><strong>\u0160roubovit\u00fd tvar:<\/strong>\u00a0Letky maj\u00ed \u0161roubovit\u00fd nebo spir\u00e1lovit\u00fd tvar, kter\u00fd umo\u017e\u0148uje \u00fa\u010dinnou dopravu materi\u00e1lu. Tato konstrukce je \u00fa\u010dinn\u00e1 pro p\u0159esun r\u016fzn\u00fdch typ\u016f materi\u00e1l\u016f, v\u010detn\u011b zrnit\u00fdch, pr\u00e1\u0161kov\u00fdch a visk\u00f3zn\u00edch l\u00e1tek.<\/p><\/li><li><p><strong>Pr\u016fb\u011b\u017en\u00e1 struktura:<\/strong>\u00a0Letov\u00e1n\u00ed tvo\u0159\u00ed souvislou p\u00e1sku, kter\u00e1 zaji\u0161\u0165uje hladk\u00fd povrch pro tok materi\u00e1lu. Tato konstrukce pom\u00e1h\u00e1 p\u0159edch\u00e1zet hromad\u011bn\u00ed materi\u00e1lu a zaji\u0161\u0165uje konzistentn\u00ed a spolehlivou dopravu.<\/p><\/li><li><p><strong>Aplikace pro manipulaci s materi\u00e1lem:<\/strong>\u00a0\u0160roubov\u00e9 \u0161neky se b\u011b\u017en\u011b pou\u017e\u00edvaj\u00ed ve \u0161nekov\u00fdch dopravn\u00edc\u00edch pro manipulaci se sypk\u00fdmi materi\u00e1ly, v zem\u011bd\u011blstv\u00ed, ve vrtn\u00fdch za\u0159\u00edzen\u00edch a v dal\u0161\u00edch aplikac\u00edch, kde je vy\u017eadov\u00e1n \u0159\u00edzen\u00fd pohyb materi\u00e1l\u016f.<\/p><\/li><li><p><strong>V\u0161estrannost:<\/strong>\u00a0\u0160roubov\u00e1 konstrukce je univerz\u00e1ln\u00ed a lze ji p\u0159izp\u016fsobit pro pou\u017eit\u00ed v r\u016fzn\u00fdch typech \u0161nek\u016f, v\u010detn\u011b h\u0159\u00eddelov\u00fdch i bezh\u0159\u00eddelov\u00fdch.<\/p><\/li><\/ol><p>Konkr\u00e9tn\u00ed rozm\u011bry, stoup\u00e1n\u00ed a dal\u0161\u00ed charakteristiky \u0161nekov\u00fdch let\u016f lze p\u0159izp\u016fsobit na z\u00e1klad\u011b po\u017eadavk\u016f aplikace a vlastnost\u00ed p\u0159epravovan\u00fdch nebo vrtan\u00fdch materi\u00e1l\u016f.<\/p><\/div><\/div><\/div><\/div><\/div><\/div><\/article><\/main><\/div><\/div><\/div><footer id=\"colophon\" class=\"site-footer\"><div class=\"site-primary-footer-wrap ast-builder-grid-row-container site-footer-focus-item ast-builder-grid-row-4-equal ast-builder-grid-row-tablet-2-equal ast-builder-grid-row-mobile-full ast-footer-row-stack ast-footer-row-tablet-stack ast-footer-row-mobile-stack\" data-section=\"section-primary-footer-builder\"><div class=\"ast-builder-grid-row-container-inner\"><div class=\"ast-builder-footer-grid-columns site-primary-footer-inner-wrap ast-builder-grid-row\"><div class=\"site-footer-primary-section-1 site-footer-section site-footer-section-1\">\u00a0<\/div><div class=\"site-footer-primary-section-2 site-footer-section site-footer-section-2\">\u00a0<\/div><div class=\"site-footer-primary-section-3 site-footer-section site-footer-section-3\"><div class=\"ast-builder-layout-element ast-flex site-footer-focus-item\" data-section=\"section-fb-social-icons-1\"><div class=\"ast-footer-social-1-wrap ast-footer-social-wrap\"><div class=\"footer-social-inner-wrap element-social-inner-wrap social-show-label-false ast-social-color-type-custom ast-social-stack-none ast-social-element-style-filled\">\u00a0<\/div><\/div><\/div><\/div><div class=\"site-footer-primary-section-4 site-footer-section site-footer-section-4\">\u00a0<\/div><\/div><\/div><\/div><div class=\"site-below-footer-wrap ast-builder-grid-row-container site-footer-focus-item ast-builder-grid-row-full ast-builder-grid-row-tablet-full ast-builder-grid-row-mobile-full ast-footer-row-stack ast-footer-row-tablet-stack ast-footer-row-mobile-stack\" data-section=\"section-below-footer-builder\"><div class=\"ast-builder-grid-row-container-inner\"><div class=\"ast-builder-footer-grid-columns site-below-footer-inner-wrap ast-builder-grid-row\"><div class=\"site-footer-below-section-1 site-footer-section site-footer-section-1\"><div class=\"ast-builder-layout-element ast-flex site-footer-focus-item ast-footer-copyright\" data-section=\"section-footer-builder\"><div class=\"ast-footer-copyright\">\u00a0<\/div><\/div><\/div><\/div><\/div><\/div><\/footer>\t\t\t\t\t\t\t\t<\/div>\n\t\t\t\t<\/div>\n\t\t\t\t\t<\/div>\n\t\t\t\t<\/div>\n\t\t\t\t<\/div>","protected":false},"excerpt":{"rendered":"<p>A helicoid auger flight refers to the helical or spiral-shaped blades that are part of an auger, which is a device or tool with a helical shape used for drilling, conveying materials, or other purposes. The term \u201cauger flight\u201d specifically refers to the spiral-shaped blades that help in the movement of materials in applications such [&hellip;]<\/p>\n","protected":false},"author":1,"featured_media":0,"parent":0,"menu_order":0,"comment_status":"closed","ping_status":"closed","template":"","meta":{"site-sidebar-layout":"no-sidebar","site-content-layout":"page-builder","ast-site-content-layout":"full-width-container","site-content-style":"default","site-sidebar-style":"default","ast-global-header-display":"","ast-banner-title-visibility":"","ast-main-header-display":"","ast-hfb-above-header-display":"","ast-hfb-below-header-display":"","ast-hfb-mobile-header-display":"","site-post-title":"disabled","ast-breadcrumbs-content":"","ast-featured-img":"disabled","footer-sml-layout":"","theme-transparent-header-meta":"","adv-header-id-meta":"","stick-header-meta":"","header-above-stick-meta":"","header-main-stick-meta":"","header-below-stick-meta":"","astra-migrate-meta-layouts":"set","ast-page-background-enabled":"default","ast-page-background-meta":{"desktop":{"background-color":"","background-image":"","background-repeat":"repeat","background-position":"center center","background-size":"auto","background-attachment":"scroll","background-type":"","background-media":"","overlay-type":"","overlay-color":"","overlay-opacity":"","overlay-gradient":""},"tablet":{"background-color":"","background-image":"","background-repeat":"repeat","background-position":"center center","background-size":"auto","background-attachment":"scroll","background-type":"","background-media":"","overlay-type":"","overlay-color":"","overlay-opacity":"","overlay-gradient":""},"mobile":{"background-color":"","background-image":"","background-repeat":"repeat","background-position":"center center","background-size":"auto","background-attachment":"scroll","background-type":"","background-media":"","overlay-type":"","overlay-color":"","overlay-opacity":"","overlay-gradient":""}},"ast-content-background-meta":{"desktop":{"background-color":"var(--ast-global-color-5)","background-image":"","background-repeat":"repeat","background-position":"center center","background-size":"auto","background-attachment":"scroll","background-type":"","background-media":"","overlay-type":"","overlay-color":"","overlay-opacity":"","overlay-gradient":""},"tablet":{"background-color":"var(--ast-global-color-5)","background-image":"","background-repeat":"repeat","background-position":"center center","background-size":"auto","background-attachment":"scroll","background-type":"","background-media":"","overlay-type":"","overlay-color":"","overlay-opacity":"","overlay-gradient":""},"mobile":{"background-color":"var(--ast-global-color-5)","background-image":"","background-repeat":"repeat","background-position":"center center","background-size":"auto","background-attachment":"scroll","background-type":"","background-media":"","overlay-type":"","overlay-color":"","overlay-opacity":"","overlay-gradient":""}},"footnotes":""},"class_list":["post-974","page","type-page","status-publish","hentry"],"_links":{"self":[{"href":"https:\/\/steelflights.com\/cs\/wp-json\/wp\/v2\/pages\/974","targetHints":{"allow":["GET"]}}],"collection":[{"href":"https:\/\/steelflights.com\/cs\/wp-json\/wp\/v2\/pages"}],"about":[{"href":"https:\/\/steelflights.com\/cs\/wp-json\/wp\/v2\/types\/page"}],"author":[{"embeddable":true,"href":"https:\/\/steelflights.com\/cs\/wp-json\/wp\/v2\/users\/1"}],"replies":[{"embeddable":true,"href":"https:\/\/steelflights.com\/cs\/wp-json\/wp\/v2\/comments?post=974"}],"version-history":[{"count":4,"href":"https:\/\/steelflights.com\/cs\/wp-json\/wp\/v2\/pages\/974\/revisions"}],"predecessor-version":[{"id":1102,"href":"https:\/\/steelflights.com\/cs\/wp-json\/wp\/v2\/pages\/974\/revisions\/1102"}],"wp:attachment":[{"href":"https:\/\/steelflights.com\/cs\/wp-json\/wp\/v2\/media?parent=974"}],"curies":[{"name":"wp","href":"https:\/\/api.w.org\/{rel}","templated":true}]}}