{"id":976,"date":"2023-11-20T15:25:20","date_gmt":"2023-11-20T15:25:20","guid":{"rendered":"https:\/\/steelflights.com\/?page_id=976"},"modified":"2023-11-28T07:35:44","modified_gmt":"2023-11-28T07:35:44","slug":"shaftless-spirals","status":"publish","type":"page","link":"https:\/\/steelflights.com\/cs\/shaftless-spirals\/","title":{"rendered":"Bezh\u0159\u00eddelov\u00e9 spir\u00e1ly"},"content":{"rendered":"<div data-elementor-type=\"wp-page\" data-elementor-id=\"976\" class=\"elementor elementor-976\" data-elementor-post-type=\"page\">\n\t\t\t\t<div class=\"elementor-element elementor-element-4b5684d e-flex e-con-boxed e-con e-parent\" data-id=\"4b5684d\" data-element_type=\"container\" data-e-type=\"container\">\n\t\t\t\t\t<div class=\"e-con-inner\">\n\t\t\t\t<div class=\"elementor-element elementor-element-ec9299d elementor-widget elementor-widget-image\" data-id=\"ec9299d\" data-element_type=\"widget\" data-e-type=\"widget\" data-widget_type=\"image.default\">\n\t\t\t\t<div class=\"elementor-widget-container\">\n\t\t\t\t\t\t\t\t\t\t\t\t\t\t\t<img fetchpriority=\"high\" decoding=\"async\" width=\"1024\" height=\"576\" src=\"https:\/\/steelflights.com\/wp-content\/uploads\/2023\/11\/shaftless-auger-flighting-1-1024x576.jpg\" class=\"attachment-large size-large wp-image-1054\" alt=\"shaftless auger flighting\" srcset=\"https:\/\/steelflights.com\/wp-content\/uploads\/2023\/11\/shaftless-auger-flighting-1-1024x576.jpg 1024w, https:\/\/steelflights.com\/wp-content\/uploads\/2023\/11\/shaftless-auger-flighting-1-300x169.jpg 300w, https:\/\/steelflights.com\/wp-content\/uploads\/2023\/11\/shaftless-auger-flighting-1-768x432.jpg 768w, https:\/\/steelflights.com\/wp-content\/uploads\/2023\/11\/shaftless-auger-flighting-1-1536x864.jpg 1536w, https:\/\/steelflights.com\/wp-content\/uploads\/2023\/11\/shaftless-auger-flighting-1.jpg 1920w\" sizes=\"(max-width: 1024px) 100vw, 1024px\" \/>\t\t\t\t\t\t\t\t\t\t\t\t\t\t\t<\/div>\n\t\t\t\t<\/div>\n\t\t\t\t\t<\/div>\n\t\t\t\t<\/div>\n\t\t<div class=\"elementor-element elementor-element-63ebebf e-flex e-con-boxed e-con e-parent\" data-id=\"63ebebf\" data-element_type=\"container\" data-e-type=\"container\">\n\t\t\t\t\t<div class=\"e-con-inner\">\n\t\t\t\t<div class=\"elementor-element elementor-element-b8deb0a elementor-widget elementor-widget-text-editor\" data-id=\"b8deb0a\" data-element_type=\"widget\" data-e-type=\"widget\" data-widget_type=\"text-editor.default\">\n\t\t\t\t<div class=\"elementor-widget-container\">\n\t\t\t\t\t\t\t\t\t<p><a href=\"https:\/\/steelflights.com\/cs\/\"><strong>Ocelov\u00e9 lety<\/strong><\/a>\u00a0vyr\u00e1b\u00ed pr\u016fb\u011b\u017en\u00e9 \u0161nekov\u00e9 letov\u00e1n\u00ed, zn\u00e1m\u00e9 tak\u00e9 jako bez\u0161achtov\u00e9 \u0161nekov\u00e9 letov\u00e1n\u00ed , ve velk\u00e9m rozsahu tlou\u0161t\u011bk a pr\u016fm\u011br\u016f.U bez\u0161achtov\u00e9ho \u0161neku je letov\u00e1n\u00ed p\u0159\u00edmo p\u0159ipevn\u011bno k vn\u011bj\u0161\u00edmu pl\u00e1\u0161ti nebo \u017elabu. Tato konstrukce m\u00e1 n\u011bkolik v\u00fdhod, mezi n\u011b\u017e pat\u0159\u00ed nap\u0159:<\/p><ul><li>Zlep\u0161en\u00e1 p\u0159eprava materi\u00e1l\u016f: Absence centr\u00e1ln\u00ed \u0161achty umo\u017e\u0148uje v\u011bt\u0161\u00ed voln\u00fd prostor pro pohyb materi\u00e1lu, \u010d\u00edm\u017e se sni\u017euje riziko ucp\u00e1n\u00ed. To je obzvl\u00e1\u0161t\u011b \u00fa\u010dinn\u00e9 p\u0159i doprav\u011b lepkav\u00fdch, visk\u00f3zn\u00edch nebo vl\u00e1knit\u00fdch materi\u00e1l\u016f.<\/li><li>Sn\u00ed\u017een\u00e1 \u00fadr\u017eba: Proto\u017ee nen\u00ed centr\u00e1ln\u00ed h\u0159\u00eddel, je men\u0161\u00ed riziko nahromad\u011bn\u00ed materi\u00e1lu kolem h\u0159\u00eddele, co\u017e sni\u017euje pot\u0159ebu \u010dast\u00e9 \u00fadr\u017eby a \u010di\u0161t\u011bn\u00ed.<\/li><li>Flexibilita v designu: Bezh\u0159\u00eddelov\u00e9 \u0161neky lze navrhovat s r\u016fzn\u00fdmi pr\u016fm\u011bry a rozte\u010demi, aby vyhovovaly konkr\u00e9tn\u00edm aplikac\u00edm a materi\u00e1l\u016fm.<\/li><li>Snadn\u00e1 \u00fadr\u017eba a \u010di\u0161t\u011bn\u00ed: Absence centr\u00e1ln\u00ed h\u0159\u00eddele usnad\u0148uje p\u0159\u00edstup k dopravn\u00edku a jeho \u010di\u0161t\u011bn\u00ed, co\u017e p\u0159isp\u00edv\u00e1 ke sn\u00ed\u017een\u00ed n\u00e1klad\u016f na \u00fadr\u017ebu.<\/li><\/ul><p>Bezh\u0159\u00eddelov\u00e9 \u0161neky se b\u011b\u017en\u011b pou\u017e\u00edvaj\u00ed v \u010dist\u00edrn\u00e1ch odpadn\u00edch vod, v pr\u016fmyslov\u00fdch procesech a v dal\u0161\u00edch aplikac\u00edch, kde je t\u0159eba dopravovat kaly, lepiv\u00e9 l\u00e1tky nebo velk\u00e9 materi\u00e1ly nepravideln\u00e9ho tvaru. Jejich konstrukce umo\u017e\u0148uje efektivn\u00ed a spolehlivou dopravu materi\u00e1lu a z\u00e1rove\u0148 minimalizuje riziko ucp\u00e1n\u00ed a sni\u017euje n\u00e1roky na \u00fadr\u017ebu.<\/p>\t\t\t\t\t\t\t\t<\/div>\n\t\t\t\t<\/div>\n\t\t\t\t\t<\/div>\n\t\t\t\t<\/div>\n\t\t\t\t<\/div>","protected":false},"excerpt":{"rendered":"<p>Steel Flights\u00a0manufactures continuous auger flighting, also known as shaftless auger flighting , in a large range of thicknesses and diameters.In a shaftless auger, the flighting is directly attached to the outer casing or trough. This design has several advantages, including: Improved Conveyance of Materials: The absence of a central shaft allows for a larger open [&hellip;]<\/p>\n","protected":false},"author":1,"featured_media":0,"parent":0,"menu_order":0,"comment_status":"closed","ping_status":"closed","template":"","meta":{"site-sidebar-layout":"no-sidebar","site-content-layout":"page-builder","ast-site-content-layout":"full-width-container","site-content-style":"default","site-sidebar-style":"default","ast-global-header-display":"","ast-banner-title-visibility":"","ast-main-header-display":"","ast-hfb-above-header-display":"","ast-hfb-below-header-display":"","ast-hfb-mobile-header-display":"","site-post-title":"disabled","ast-breadcrumbs-content":"","ast-featured-img":"disabled","footer-sml-layout":"","theme-transparent-header-meta":"","adv-header-id-meta":"","stick-header-meta":"","header-above-stick-meta":"","header-main-stick-meta":"","header-below-stick-meta":"","astra-migrate-meta-layouts":"set","ast-page-background-enabled":"default","ast-page-background-meta":{"desktop":{"background-color":"","background-image":"","background-repeat":"repeat","background-position":"center center","background-size":"auto","background-attachment":"scroll","background-type":"","background-media":"","overlay-type":"","overlay-color":"","overlay-opacity":"","overlay-gradient":""},"tablet":{"background-color":"","background-image":"","background-repeat":"repeat","background-position":"center center","background-size":"auto","background-attachment":"scroll","background-type":"","background-media":"","overlay-type":"","overlay-color":"","overlay-opacity":"","overlay-gradient":""},"mobile":{"background-color":"","background-image":"","background-repeat":"repeat","background-position":"center center","background-size":"auto","background-attachment":"scroll","background-type":"","background-media":"","overlay-type":"","overlay-color":"","overlay-opacity":"","overlay-gradient":""}},"ast-content-background-meta":{"desktop":{"background-color":"var(--ast-global-color-5)","background-image":"","background-repeat":"repeat","background-position":"center center","background-size":"auto","background-attachment":"scroll","background-type":"","background-media":"","overlay-type":"","overlay-color":"","overlay-opacity":"","overlay-gradient":""},"tablet":{"background-color":"var(--ast-global-color-5)","background-image":"","background-repeat":"repeat","background-position":"center center","background-size":"auto","background-attachment":"scroll","background-type":"","background-media":"","overlay-type":"","overlay-color":"","overlay-opacity":"","overlay-gradient":""},"mobile":{"background-color":"var(--ast-global-color-5)","background-image":"","background-repeat":"repeat","background-position":"center center","background-size":"auto","background-attachment":"scroll","background-type":"","background-media":"","overlay-type":"","overlay-color":"","overlay-opacity":"","overlay-gradient":""}},"footnotes":""},"class_list":["post-976","page","type-page","status-publish","hentry"],"_links":{"self":[{"href":"https:\/\/steelflights.com\/cs\/wp-json\/wp\/v2\/pages\/976","targetHints":{"allow":["GET"]}}],"collection":[{"href":"https:\/\/steelflights.com\/cs\/wp-json\/wp\/v2\/pages"}],"about":[{"href":"https:\/\/steelflights.com\/cs\/wp-json\/wp\/v2\/types\/page"}],"author":[{"embeddable":true,"href":"https:\/\/steelflights.com\/cs\/wp-json\/wp\/v2\/users\/1"}],"replies":[{"embeddable":true,"href":"https:\/\/steelflights.com\/cs\/wp-json\/wp\/v2\/comments?post=976"}],"version-history":[{"count":5,"href":"https:\/\/steelflights.com\/cs\/wp-json\/wp\/v2\/pages\/976\/revisions"}],"predecessor-version":[{"id":1099,"href":"https:\/\/steelflights.com\/cs\/wp-json\/wp\/v2\/pages\/976\/revisions\/1099"}],"wp:attachment":[{"href":"https:\/\/steelflights.com\/cs\/wp-json\/wp\/v2\/media?parent=976"}],"curies":[{"name":"wp","href":"https:\/\/api.w.org\/{rel}","templated":true}]}}