{"id":974,"date":"2023-11-20T15:22:32","date_gmt":"2023-11-20T15:22:32","guid":{"rendered":"https:\/\/steelflights.com\/?page_id=974"},"modified":"2023-11-28T07:36:49","modified_gmt":"2023-11-28T07:36:49","slug":"helicoid-flighting","status":"publish","type":"page","link":"https:\/\/steelflights.com\/da\/helicoid-flighting\/","title":{"rendered":"Helicoid flyvning"},"content":{"rendered":"<div data-elementor-type=\"wp-page\" data-elementor-id=\"974\" class=\"elementor elementor-974\" data-elementor-post-type=\"page\">\n\t\t\t\t<div class=\"elementor-element elementor-element-2b6f1b5 e-flex e-con-boxed e-con e-parent\" data-id=\"2b6f1b5\" data-element_type=\"container\" data-e-type=\"container\">\n\t\t\t\t\t<div class=\"e-con-inner\">\n\t\t\t\t<div class=\"elementor-element elementor-element-b3a7aef elementor-widget elementor-widget-image\" data-id=\"b3a7aef\" data-element_type=\"widget\" data-e-type=\"widget\" data-widget_type=\"image.default\">\n\t\t\t\t<div class=\"elementor-widget-container\">\n\t\t\t\t\t\t\t\t\t\t\t\t\t\t\t<img fetchpriority=\"high\" decoding=\"async\" width=\"550\" height=\"389\" src=\"https:\/\/steelflights.com\/wp-content\/uploads\/2023\/11\/Helicoid-auger-flights.webp\" class=\"attachment-large size-large wp-image-1063\" alt=\"Helicoid auger flights\" srcset=\"https:\/\/steelflights.com\/wp-content\/uploads\/2023\/11\/Helicoid-auger-flights.webp 550w, https:\/\/steelflights.com\/wp-content\/uploads\/2023\/11\/Helicoid-auger-flights-300x212.webp 300w\" sizes=\"(max-width: 550px) 100vw, 550px\" \/>\t\t\t\t\t\t\t\t\t\t\t\t\t\t\t<\/div>\n\t\t\t\t<\/div>\n\t\t\t\t\t<\/div>\n\t\t\t\t<\/div>\n\t\t<div class=\"elementor-element elementor-element-cade907 e-flex e-con-boxed e-con e-parent\" data-id=\"cade907\" data-element_type=\"container\" data-e-type=\"container\">\n\t\t\t\t\t<div class=\"e-con-inner\">\n\t\t\t\t<div class=\"elementor-element elementor-element-428dd97 elementor-widget elementor-widget-text-editor\" data-id=\"428dd97\" data-element_type=\"widget\" data-e-type=\"widget\" data-widget_type=\"text-editor.default\">\n\t\t\t\t<div class=\"elementor-widget-container\">\n\t\t\t\t\t\t\t\t\t<div id=\"content\" class=\"site-content\"><div class=\"ast-container\"><div id=\"primary\" class=\"content-area primary\"><main id=\"main\" class=\"site-main\"><article id=\"post-1031\" class=\"post-1031 page type-page status-publish ast-article-single\"><div class=\"entry-content clear\"><div class=\"elementor elementor-1031\" data-elementor-type=\"wp-page\" data-elementor-id=\"1031\"><div class=\"elementor-element elementor-element-4ab6b89 e-flex e-con-boxed e-con e-parent\" data-id=\"4ab6b89\" data-element_type=\"container\" data-settings=\"{&quot;content_width&quot;:&quot;boxed&quot;}\" data-core-v316-plus=\"true\"><div class=\"e-con-inner\"><div class=\"elementor-element elementor-element-9882f42 elementor-widget elementor-widget-text-editor\" data-id=\"9882f42\" data-element_type=\"widget\" data-widget_type=\"text-editor.default\"><div class=\"elementor-widget-container\"><p>En helicoid sneglevind henviser til de spiralformede blade, der er en del af en snegl, som er en anordning eller et v\u00e6rkt\u00f8j med en spiralform, der bruges til boring, transport af materialer eller andre form\u00e5l. Udtrykket \"sneglevind\" henviser specifikt til de spiralformede blade, der hj\u00e6lper med at bev\u00e6ge materialer i applikationer som skruetransport\u00f8rer eller boreudstyr.<\/p><p>Den spiralformede sneglevinding best\u00e5r typisk af et kontinuerligt spiralformet b\u00e5nd, der vikles omkring en central aksel (i tilf\u00e6lde af snegle med aksel) eller danner et spiralformet m\u00f8nster uden en central aksel (i tilf\u00e6lde af aksell\u00f8se snegle). Udformningen af det spiralformede b\u00e5nd er afg\u00f8rende for en effektiv flytning af materialer langs sneglens l\u00e6ngde.<\/p><p>De vigtigste egenskaber ved spiralformede sneglegange omfatter:<\/p><ol><li><p><strong>Spiralformet form:<\/strong>\u00a0Vingerne har en skrue- eller spiralform, som muligg\u00f8r effektiv transport af materialer. Dette design er effektivt til at flytte forskellige typer materialer, herunder granulater, pulver og tyktflydende stoffer.<\/p><\/li><li><p><strong>Kontinuerlig struktur:<\/strong>\u00a0Rillerne danner et kontinuerligt b\u00e5nd, som giver en glat overflade til materialeflowet. Dette design hj\u00e6lper med at forhindre ophobning af materiale og sikrer en ensartet og p\u00e5lidelig transport.<\/p><\/li><li><p><strong>Anvendelser til materialeh\u00e5ndtering:<\/strong>\u00a0Helicoide sneglevinger bruges ofte i transportsnegle til bulkmaterialeh\u00e5ndtering, landbrug, boreudstyr og andre anvendelser, hvor der er behov for kontrolleret bev\u00e6gelse af materialer.<\/p><\/li><li><p><strong>Alsidighed:<\/strong>\u00a0Helicoid-designet er alsidigt og kan tilpasses til brug i forskellige typer snegle, herunder b\u00e5de design med og uden aksler.<\/p><\/li><\/ol><p>De specifikke dimensioner, stigningen og andre egenskaber ved spiralformede sneglevinger kan tilpasses ud fra kravene til anvendelsen og egenskaberne ved de materialer, der transporteres eller bores i.<\/p><\/div><\/div><\/div><\/div><\/div><\/div><\/article><\/main><\/div><\/div><\/div><footer id=\"colophon\" class=\"site-footer\"><div class=\"site-primary-footer-wrap ast-builder-grid-row-container site-footer-focus-item ast-builder-grid-row-4-equal ast-builder-grid-row-tablet-2-equal ast-builder-grid-row-mobile-full ast-footer-row-stack ast-footer-row-tablet-stack ast-footer-row-mobile-stack\" data-section=\"section-primary-footer-builder\"><div class=\"ast-builder-grid-row-container-inner\"><div class=\"ast-builder-footer-grid-columns site-primary-footer-inner-wrap ast-builder-grid-row\"><div class=\"site-footer-primary-section-1 site-footer-section site-footer-section-1\">\u00a0<\/div><div class=\"site-footer-primary-section-2 site-footer-section site-footer-section-2\">\u00a0<\/div><div class=\"site-footer-primary-section-3 site-footer-section site-footer-section-3\"><div class=\"ast-builder-layout-element ast-flex site-footer-focus-item\" data-section=\"section-fb-social-icons-1\"><div class=\"ast-footer-social-1-wrap ast-footer-social-wrap\"><div class=\"footer-social-inner-wrap element-social-inner-wrap social-show-label-false ast-social-color-type-custom ast-social-stack-none ast-social-element-style-filled\">\u00a0<\/div><\/div><\/div><\/div><div class=\"site-footer-primary-section-4 site-footer-section site-footer-section-4\">\u00a0<\/div><\/div><\/div><\/div><div class=\"site-below-footer-wrap ast-builder-grid-row-container site-footer-focus-item ast-builder-grid-row-full ast-builder-grid-row-tablet-full ast-builder-grid-row-mobile-full ast-footer-row-stack ast-footer-row-tablet-stack ast-footer-row-mobile-stack\" data-section=\"section-below-footer-builder\"><div class=\"ast-builder-grid-row-container-inner\"><div class=\"ast-builder-footer-grid-columns site-below-footer-inner-wrap ast-builder-grid-row\"><div class=\"site-footer-below-section-1 site-footer-section site-footer-section-1\"><div class=\"ast-builder-layout-element ast-flex site-footer-focus-item ast-footer-copyright\" data-section=\"section-footer-builder\"><div class=\"ast-footer-copyright\">\u00a0<\/div><\/div><\/div><\/div><\/div><\/div><\/footer>\t\t\t\t\t\t\t\t<\/div>\n\t\t\t\t<\/div>\n\t\t\t\t\t<\/div>\n\t\t\t\t<\/div>\n\t\t\t\t<\/div>","protected":false},"excerpt":{"rendered":"<p>A helicoid auger flight refers to the helical or spiral-shaped blades that are part of an auger, which is a device or tool with a helical shape used for drilling, conveying materials, or other purposes. The term \u201cauger flight\u201d specifically refers to the spiral-shaped blades that help in the movement of materials in applications such [&hellip;]<\/p>\n","protected":false},"author":1,"featured_media":0,"parent":0,"menu_order":0,"comment_status":"closed","ping_status":"closed","template":"","meta":{"site-sidebar-layout":"no-sidebar","site-content-layout":"page-builder","ast-site-content-layout":"full-width-container","site-content-style":"default","site-sidebar-style":"default","ast-global-header-display":"","ast-banner-title-visibility":"","ast-main-header-display":"","ast-hfb-above-header-display":"","ast-hfb-below-header-display":"","ast-hfb-mobile-header-display":"","site-post-title":"disabled","ast-breadcrumbs-content":"","ast-featured-img":"disabled","footer-sml-layout":"","theme-transparent-header-meta":"","adv-header-id-meta":"","stick-header-meta":"","header-above-stick-meta":"","header-main-stick-meta":"","header-below-stick-meta":"","astra-migrate-meta-layouts":"set","ast-page-background-enabled":"default","ast-page-background-meta":{"desktop":{"background-color":"","background-image":"","background-repeat":"repeat","background-position":"center center","background-size":"auto","background-attachment":"scroll","background-type":"","background-media":"","overlay-type":"","overlay-color":"","overlay-opacity":"","overlay-gradient":""},"tablet":{"background-color":"","background-image":"","background-repeat":"repeat","background-position":"center center","background-size":"auto","background-attachment":"scroll","background-type":"","background-media":"","overlay-type":"","overlay-color":"","overlay-opacity":"","overlay-gradient":""},"mobile":{"background-color":"","background-image":"","background-repeat":"repeat","background-position":"center center","background-size":"auto","background-attachment":"scroll","background-type":"","background-media":"","overlay-type":"","overlay-color":"","overlay-opacity":"","overlay-gradient":""}},"ast-content-background-meta":{"desktop":{"background-color":"var(--ast-global-color-5)","background-image":"","background-repeat":"repeat","background-position":"center center","background-size":"auto","background-attachment":"scroll","background-type":"","background-media":"","overlay-type":"","overlay-color":"","overlay-opacity":"","overlay-gradient":""},"tablet":{"background-color":"var(--ast-global-color-5)","background-image":"","background-repeat":"repeat","background-position":"center center","background-size":"auto","background-attachment":"scroll","background-type":"","background-media":"","overlay-type":"","overlay-color":"","overlay-opacity":"","overlay-gradient":""},"mobile":{"background-color":"var(--ast-global-color-5)","background-image":"","background-repeat":"repeat","background-position":"center center","background-size":"auto","background-attachment":"scroll","background-type":"","background-media":"","overlay-type":"","overlay-color":"","overlay-opacity":"","overlay-gradient":""}},"footnotes":""},"class_list":["post-974","page","type-page","status-publish","hentry"],"_links":{"self":[{"href":"https:\/\/steelflights.com\/da\/wp-json\/wp\/v2\/pages\/974","targetHints":{"allow":["GET"]}}],"collection":[{"href":"https:\/\/steelflights.com\/da\/wp-json\/wp\/v2\/pages"}],"about":[{"href":"https:\/\/steelflights.com\/da\/wp-json\/wp\/v2\/types\/page"}],"author":[{"embeddable":true,"href":"https:\/\/steelflights.com\/da\/wp-json\/wp\/v2\/users\/1"}],"replies":[{"embeddable":true,"href":"https:\/\/steelflights.com\/da\/wp-json\/wp\/v2\/comments?post=974"}],"version-history":[{"count":4,"href":"https:\/\/steelflights.com\/da\/wp-json\/wp\/v2\/pages\/974\/revisions"}],"predecessor-version":[{"id":1102,"href":"https:\/\/steelflights.com\/da\/wp-json\/wp\/v2\/pages\/974\/revisions\/1102"}],"wp:attachment":[{"href":"https:\/\/steelflights.com\/da\/wp-json\/wp\/v2\/media?parent=974"}],"curies":[{"name":"wp","href":"https:\/\/api.w.org\/{rel}","templated":true}]}}