{"id":974,"date":"2023-11-20T15:22:32","date_gmt":"2023-11-20T15:22:32","guid":{"rendered":"https:\/\/steelflights.com\/?page_id=974"},"modified":"2023-11-28T07:36:49","modified_gmt":"2023-11-28T07:36:49","slug":"helicoid-flighting","status":"publish","type":"page","link":"https:\/\/steelflights.com\/de\/helicoid-flighting\/","title":{"rendered":"Helikopterflug"},"content":{"rendered":"<div data-elementor-type=\"wp-page\" data-elementor-id=\"974\" class=\"elementor elementor-974\" data-elementor-post-type=\"page\">\n\t\t\t\t<div class=\"elementor-element elementor-element-2b6f1b5 e-flex e-con-boxed e-con e-parent\" data-id=\"2b6f1b5\" data-element_type=\"container\" data-e-type=\"container\">\n\t\t\t\t\t<div class=\"e-con-inner\">\n\t\t\t\t<div class=\"elementor-element elementor-element-b3a7aef elementor-widget elementor-widget-image\" data-id=\"b3a7aef\" data-element_type=\"widget\" data-e-type=\"widget\" data-widget_type=\"image.default\">\n\t\t\t\t<div class=\"elementor-widget-container\">\n\t\t\t\t\t\t\t\t\t\t\t\t\t\t\t<img fetchpriority=\"high\" decoding=\"async\" width=\"550\" height=\"389\" src=\"https:\/\/steelflights.com\/wp-content\/uploads\/2023\/11\/Helicoid-auger-flights.webp\" class=\"attachment-large size-large wp-image-1063\" alt=\"Helicoid auger flights\" srcset=\"https:\/\/steelflights.com\/wp-content\/uploads\/2023\/11\/Helicoid-auger-flights.webp 550w, https:\/\/steelflights.com\/wp-content\/uploads\/2023\/11\/Helicoid-auger-flights-300x212.webp 300w\" sizes=\"(max-width: 550px) 100vw, 550px\" \/>\t\t\t\t\t\t\t\t\t\t\t\t\t\t\t<\/div>\n\t\t\t\t<\/div>\n\t\t\t\t\t<\/div>\n\t\t\t\t<\/div>\n\t\t<div class=\"elementor-element elementor-element-cade907 e-flex e-con-boxed e-con e-parent\" data-id=\"cade907\" data-element_type=\"container\" data-e-type=\"container\">\n\t\t\t\t\t<div class=\"e-con-inner\">\n\t\t\t\t<div class=\"elementor-element elementor-element-428dd97 elementor-widget elementor-widget-text-editor\" data-id=\"428dd97\" data-element_type=\"widget\" data-e-type=\"widget\" data-widget_type=\"text-editor.default\">\n\t\t\t\t<div class=\"elementor-widget-container\">\n\t\t\t\t\t\t\t\t\t<div id=\"content\" class=\"site-content\"><div class=\"ast-container\"><div id=\"primary\" class=\"content-area primary\"><main id=\"main\" class=\"site-main\"><article id=\"post-1031\" class=\"post-1031 page type-page status-publish ast-article-single\"><div class=\"entry-content clear\"><div class=\"elementor elementor-1031\" data-elementor-type=\"wp-page\" data-elementor-id=\"1031\"><div class=\"elementor-element elementor-element-4ab6b89 e-flex e-con-boxed e-con e-parent\" data-id=\"4ab6b89\" data-element_type=\"container\" data-settings=\"{&quot;content_width&quot;:&quot;boxed&quot;}\" data-core-v316-plus=\"true\"><div class=\"e-con-inner\"><div class=\"elementor-element elementor-element-9882f42 elementor-widget elementor-widget-text-editor\" data-id=\"9882f42\" data-element_type=\"widget\" data-widget_type=\"text-editor.default\"><div class=\"elementor-widget-container\"><p>Ein schraubenf\u00f6rmiger Schneckengang bezieht sich auf die schrauben- oder spiralf\u00f6rmigen Schaufeln, die Teil einer Schnecke sind, d. h. einer Vorrichtung oder eines Werkzeugs mit einer schraubenf\u00f6rmigen Form, die zum Bohren, F\u00f6rdern von Materialien oder f\u00fcr andere Zwecke verwendet werden. Der Begriff \"Schneckengang\" bezieht sich speziell auf die spiralf\u00f6rmigen Schaufeln, die bei der Bewegung von Materialien in Anwendungen wie F\u00f6rderschnecken oder Bohrausr\u00fcstung helfen.<\/p><p>Der schraubenf\u00f6rmige Schneckengang besteht in der Regel aus einem durchgehenden spiralf\u00f6rmigen Band, das sich um eine zentrale Welle wickelt (bei Schnecken mit Welle) oder ein spiralf\u00f6rmiges Muster ohne zentrale Welle bildet (bei wellenlosen Schnecken). Die Konstruktion des schraubenf\u00f6rmigen Schneckengangs ist f\u00fcr die effiziente Bef\u00f6rderung des Materials \u00fcber die gesamte L\u00e4nge der Schnecke entscheidend.<\/p><p>Zu den wichtigsten Merkmalen der Schneckeng\u00e4nge geh\u00f6ren:<\/p><ol><li><p><strong>Spiralf\u00f6rmige Form:<\/strong>\u00a0Die Mitnehmer sind schrauben- oder spiralf\u00f6rmig, was eine effiziente F\u00f6rderung von Materialien erm\u00f6glicht. Diese Konstruktion eignet sich f\u00fcr den Transport verschiedener Arten von Materialien, einschlie\u00dflich k\u00f6rniger, pulverf\u00f6rmiger und viskoser Stoffe.<\/p><\/li><li><p><strong>Kontinuierliche Struktur:<\/strong>\u00a0Die Stege bilden ein kontinuierliches Band, das eine glatte Oberfl\u00e4che f\u00fcr den Materialfluss bietet. Diese Konstruktion verhindert Materialansammlungen und gew\u00e4hrleistet eine gleichm\u00e4\u00dfige und zuverl\u00e4ssige Bef\u00f6rderung.<\/p><\/li><li><p><strong>Materialtransportanwendungen:<\/strong>\u00a0Schraubenf\u00f6rmige Schneckeng\u00e4nge werden h\u00e4ufig in Schneckenf\u00f6rderern f\u00fcr die Sch\u00fcttgutf\u00f6rderung, die Landwirtschaft, Bohrger\u00e4te und andere Anwendungen eingesetzt, bei denen eine kontrollierte Bewegung von Materialien erforderlich ist.<\/p><\/li><li><p><strong>Vielseitigkeit:<\/strong>\u00a0Das schraubenf\u00f6rmige Design ist vielseitig und kann f\u00fcr den Einsatz in verschiedenen Schneckenarten angepasst werden, darunter sowohl wellenf\u00f6rmige als auch wellenlose Ausf\u00fchrungen.<\/p><\/li><\/ol><p>Die spezifischen Abmessungen, die Steigung und andere Merkmale der schraubenf\u00f6rmigen Schneckeng\u00e4nge k\u00f6nnen je nach den Anforderungen der Anwendung und den Eigenschaften des zu transportierenden oder zu bohrenden Materials angepasst werden.<\/p><\/div><\/div><\/div><\/div><\/div><\/div><\/article><\/main><\/div><\/div><\/div><footer id=\"colophon\" class=\"site-footer\"><div class=\"site-primary-footer-wrap ast-builder-grid-row-container site-footer-focus-item ast-builder-grid-row-4-equal ast-builder-grid-row-tablet-2-equal ast-builder-grid-row-mobile-full ast-footer-row-stack ast-footer-row-tablet-stack ast-footer-row-mobile-stack\" data-section=\"section-primary-footer-builder\"><div class=\"ast-builder-grid-row-container-inner\"><div class=\"ast-builder-footer-grid-columns site-primary-footer-inner-wrap ast-builder-grid-row\"><div class=\"site-footer-primary-section-1 site-footer-section site-footer-section-1\">\u00a0<\/div><div class=\"site-footer-primary-section-2 site-footer-section site-footer-section-2\">\u00a0<\/div><div class=\"site-footer-primary-section-3 site-footer-section site-footer-section-3\"><div class=\"ast-builder-layout-element ast-flex site-footer-focus-item\" data-section=\"section-fb-social-icons-1\"><div class=\"ast-footer-social-1-wrap ast-footer-social-wrap\"><div class=\"footer-social-inner-wrap element-social-inner-wrap social-show-label-false ast-social-color-type-custom ast-social-stack-none ast-social-element-style-filled\">\u00a0<\/div><\/div><\/div><\/div><div class=\"site-footer-primary-section-4 site-footer-section site-footer-section-4\">\u00a0<\/div><\/div><\/div><\/div><div class=\"site-below-footer-wrap ast-builder-grid-row-container site-footer-focus-item ast-builder-grid-row-full ast-builder-grid-row-tablet-full ast-builder-grid-row-mobile-full ast-footer-row-stack ast-footer-row-tablet-stack ast-footer-row-mobile-stack\" data-section=\"section-below-footer-builder\"><div class=\"ast-builder-grid-row-container-inner\"><div class=\"ast-builder-footer-grid-columns site-below-footer-inner-wrap ast-builder-grid-row\"><div class=\"site-footer-below-section-1 site-footer-section site-footer-section-1\"><div class=\"ast-builder-layout-element ast-flex site-footer-focus-item ast-footer-copyright\" data-section=\"section-footer-builder\"><div class=\"ast-footer-copyright\">\u00a0<\/div><\/div><\/div><\/div><\/div><\/div><\/footer>\t\t\t\t\t\t\t\t<\/div>\n\t\t\t\t<\/div>\n\t\t\t\t\t<\/div>\n\t\t\t\t<\/div>\n\t\t\t\t<\/div>","protected":false},"excerpt":{"rendered":"<p>A helicoid auger flight refers to the helical or spiral-shaped blades that are part of an auger, which is a device or tool with a helical shape used for drilling, conveying materials, or other purposes. The term \u201cauger flight\u201d specifically refers to the spiral-shaped blades that help in the movement of materials in applications such [&hellip;]<\/p>\n","protected":false},"author":1,"featured_media":0,"parent":0,"menu_order":0,"comment_status":"closed","ping_status":"closed","template":"","meta":{"site-sidebar-layout":"no-sidebar","site-content-layout":"page-builder","ast-site-content-layout":"full-width-container","site-content-style":"default","site-sidebar-style":"default","ast-global-header-display":"","ast-banner-title-visibility":"","ast-main-header-display":"","ast-hfb-above-header-display":"","ast-hfb-below-header-display":"","ast-hfb-mobile-header-display":"","site-post-title":"disabled","ast-breadcrumbs-content":"","ast-featured-img":"disabled","footer-sml-layout":"","theme-transparent-header-meta":"","adv-header-id-meta":"","stick-header-meta":"","header-above-stick-meta":"","header-main-stick-meta":"","header-below-stick-meta":"","astra-migrate-meta-layouts":"set","ast-page-background-enabled":"default","ast-page-background-meta":{"desktop":{"background-color":"","background-image":"","background-repeat":"repeat","background-position":"center center","background-size":"auto","background-attachment":"scroll","background-type":"","background-media":"","overlay-type":"","overlay-color":"","overlay-opacity":"","overlay-gradient":""},"tablet":{"background-color":"","background-image":"","background-repeat":"repeat","background-position":"center center","background-size":"auto","background-attachment":"scroll","background-type":"","background-media":"","overlay-type":"","overlay-color":"","overlay-opacity":"","overlay-gradient":""},"mobile":{"background-color":"","background-image":"","background-repeat":"repeat","background-position":"center center","background-size":"auto","background-attachment":"scroll","background-type":"","background-media":"","overlay-type":"","overlay-color":"","overlay-opacity":"","overlay-gradient":""}},"ast-content-background-meta":{"desktop":{"background-color":"var(--ast-global-color-5)","background-image":"","background-repeat":"repeat","background-position":"center center","background-size":"auto","background-attachment":"scroll","background-type":"","background-media":"","overlay-type":"","overlay-color":"","overlay-opacity":"","overlay-gradient":""},"tablet":{"background-color":"var(--ast-global-color-5)","background-image":"","background-repeat":"repeat","background-position":"center center","background-size":"auto","background-attachment":"scroll","background-type":"","background-media":"","overlay-type":"","overlay-color":"","overlay-opacity":"","overlay-gradient":""},"mobile":{"background-color":"var(--ast-global-color-5)","background-image":"","background-repeat":"repeat","background-position":"center center","background-size":"auto","background-attachment":"scroll","background-type":"","background-media":"","overlay-type":"","overlay-color":"","overlay-opacity":"","overlay-gradient":""}},"footnotes":""},"class_list":["post-974","page","type-page","status-publish","hentry"],"_links":{"self":[{"href":"https:\/\/steelflights.com\/de\/wp-json\/wp\/v2\/pages\/974","targetHints":{"allow":["GET"]}}],"collection":[{"href":"https:\/\/steelflights.com\/de\/wp-json\/wp\/v2\/pages"}],"about":[{"href":"https:\/\/steelflights.com\/de\/wp-json\/wp\/v2\/types\/page"}],"author":[{"embeddable":true,"href":"https:\/\/steelflights.com\/de\/wp-json\/wp\/v2\/users\/1"}],"replies":[{"embeddable":true,"href":"https:\/\/steelflights.com\/de\/wp-json\/wp\/v2\/comments?post=974"}],"version-history":[{"count":4,"href":"https:\/\/steelflights.com\/de\/wp-json\/wp\/v2\/pages\/974\/revisions"}],"predecessor-version":[{"id":1102,"href":"https:\/\/steelflights.com\/de\/wp-json\/wp\/v2\/pages\/974\/revisions\/1102"}],"wp:attachment":[{"href":"https:\/\/steelflights.com\/de\/wp-json\/wp\/v2\/media?parent=974"}],"curies":[{"name":"wp","href":"https:\/\/api.w.org\/{rel}","templated":true}]}}