{"id":974,"date":"2023-11-20T15:22:32","date_gmt":"2023-11-20T15:22:32","guid":{"rendered":"https:\/\/steelflights.com\/?page_id=974"},"modified":"2023-11-28T07:36:49","modified_gmt":"2023-11-28T07:36:49","slug":"helicoid-flighting","status":"publish","type":"page","link":"https:\/\/steelflights.com\/fr\/helicoid-flighting\/","title":{"rendered":"Vol des h\u00e9lico\u00efdes"},"content":{"rendered":"<div data-elementor-type=\"wp-page\" data-elementor-id=\"974\" class=\"elementor elementor-974\" data-elementor-post-type=\"page\">\n\t\t\t\t<div class=\"elementor-element elementor-element-2b6f1b5 e-flex e-con-boxed e-con e-parent\" data-id=\"2b6f1b5\" data-element_type=\"container\" data-e-type=\"container\">\n\t\t\t\t\t<div class=\"e-con-inner\">\n\t\t\t\t<div class=\"elementor-element elementor-element-b3a7aef elementor-widget elementor-widget-image\" data-id=\"b3a7aef\" data-element_type=\"widget\" data-e-type=\"widget\" data-widget_type=\"image.default\">\n\t\t\t\t<div class=\"elementor-widget-container\">\n\t\t\t\t\t\t\t\t\t\t\t\t\t\t\t<img fetchpriority=\"high\" decoding=\"async\" width=\"550\" height=\"389\" src=\"https:\/\/steelflights.com\/wp-content\/uploads\/2023\/11\/Helicoid-auger-flights.webp\" class=\"attachment-large size-large wp-image-1063\" alt=\"Helicoid auger flights\" srcset=\"https:\/\/steelflights.com\/wp-content\/uploads\/2023\/11\/Helicoid-auger-flights.webp 550w, https:\/\/steelflights.com\/wp-content\/uploads\/2023\/11\/Helicoid-auger-flights-300x212.webp 300w\" sizes=\"(max-width: 550px) 100vw, 550px\" \/>\t\t\t\t\t\t\t\t\t\t\t\t\t\t\t<\/div>\n\t\t\t\t<\/div>\n\t\t\t\t\t<\/div>\n\t\t\t\t<\/div>\n\t\t<div class=\"elementor-element elementor-element-cade907 e-flex e-con-boxed e-con e-parent\" data-id=\"cade907\" data-element_type=\"container\" data-e-type=\"container\">\n\t\t\t\t\t<div class=\"e-con-inner\">\n\t\t\t\t<div class=\"elementor-element elementor-element-428dd97 elementor-widget elementor-widget-text-editor\" data-id=\"428dd97\" data-element_type=\"widget\" data-e-type=\"widget\" data-widget_type=\"text-editor.default\">\n\t\t\t\t<div class=\"elementor-widget-container\">\n\t\t\t\t\t\t\t\t\t<div id=\"content\" class=\"site-content\"><div class=\"ast-container\"><div id=\"primary\" class=\"content-area primary\"><main id=\"main\" class=\"site-main\"><article id=\"post-1031\" class=\"post-1031 page type-page status-publish ast-article-single\"><div class=\"entry-content clear\"><div class=\"elementor elementor-1031\" data-elementor-type=\"wp-page\" data-elementor-id=\"1031\"><div class=\"elementor-element elementor-element-4ab6b89 e-flex e-con-boxed e-con e-parent\" data-id=\"4ab6b89\" data-element_type=\"container\" data-settings=\"{&quot;content_width&quot;:&quot;boxed&quot;}\" data-core-v316-plus=\"true\"><div class=\"e-con-inner\"><div class=\"elementor-element elementor-element-9882f42 elementor-widget elementor-widget-text-editor\" data-id=\"9882f42\" data-element_type=\"widget\" data-widget_type=\"text-editor.default\"><div class=\"elementor-widget-container\"><p>Une vis sans fin h\u00e9lico\u00efdale d\u00e9signe les lames h\u00e9lico\u00efdales ou en forme de spirale qui font partie d'une vis sans fin, c'est-\u00e0-dire un dispositif ou un outil de forme h\u00e9lico\u00efdale utilis\u00e9 pour le forage, le transport de mat\u00e9riaux ou \u00e0 d'autres fins. Le terme \"vol\u00e9e de tari\u00e8re\" fait sp\u00e9cifiquement r\u00e9f\u00e9rence aux lames en forme de spirale qui facilitent le mouvement des mat\u00e9riaux dans des applications telles que les convoyeurs \u00e0 vis ou les \u00e9quipements de forage.<\/p><p>La vol\u00e9e de la vis h\u00e9lico\u00efdale consiste g\u00e9n\u00e9ralement en un ruban h\u00e9lico\u00efdal continu qui s'enroule autour d'un arbre central (dans le cas des vis \u00e0 arbre) ou qui forme un motif h\u00e9lico\u00efdal sans arbre central (dans le cas des vis sans arbre). La conception de la vol\u00e9e h\u00e9lico\u00efdale est essentielle pour d\u00e9placer efficacement les mat\u00e9riaux sur toute la longueur de la vis.<\/p><p>Les principales caract\u00e9ristiques des vis sans fin h\u00e9lico\u00efdales sont les suivantes :<\/p><ol><li><p><strong>Forme h\u00e9lico\u00efdale :<\/strong>\u00a0Les palettes ont une forme h\u00e9lico\u00efdale ou en spirale, ce qui permet un transport efficace des mat\u00e9riaux. Cette conception est efficace pour d\u00e9placer diff\u00e9rents types de mat\u00e9riaux, y compris les substances granuleuses, poudreuses et visqueuses.<\/p><\/li><li><p><strong>Structure continue :<\/strong>\u00a0Les ailettes forment un ruban continu, offrant une surface lisse pour l'\u00e9coulement du mat\u00e9riau. Cette conception permet d'\u00e9viter l'accumulation de mat\u00e9riau et garantit un transport coh\u00e9rent et fiable.<\/p><\/li><li><p><strong>Applications de manutention :<\/strong>\u00a0Les vis sans fin h\u00e9lico\u00efdales sont couramment utilis\u00e9es dans les convoyeurs \u00e0 vis pour la manutention des produits en vrac, l'agriculture, les \u00e9quipements de forage et d'autres applications o\u00f9 le mouvement contr\u00f4l\u00e9 des mat\u00e9riaux est n\u00e9cessaire.<\/p><\/li><li><p><strong>Polyvalence :<\/strong>\u00a0La conception h\u00e9lico\u00efdale est polyvalente et peut \u00eatre adapt\u00e9e \u00e0 diff\u00e9rents types de vis sans fin, avec ou sans arbre.<\/p><\/li><\/ol><p>Les dimensions sp\u00e9cifiques, le pas et les autres caract\u00e9ristiques des tari\u00e8res h\u00e9lico\u00efdales peuvent \u00eatre personnalis\u00e9s en fonction des exigences de l'application et des propri\u00e9t\u00e9s des mat\u00e9riaux transport\u00e9s ou for\u00e9s.<\/p><\/div><\/div><\/div><\/div><\/div><\/div><\/article><\/main><\/div><\/div><\/div><footer id=\"colophon\" class=\"site-footer\"><div class=\"site-primary-footer-wrap ast-builder-grid-row-container site-footer-focus-item ast-builder-grid-row-4-equal ast-builder-grid-row-tablet-2-equal ast-builder-grid-row-mobile-full ast-footer-row-stack ast-footer-row-tablet-stack ast-footer-row-mobile-stack\" data-section=\"section-primary-footer-builder\"><div class=\"ast-builder-grid-row-container-inner\"><div class=\"ast-builder-footer-grid-columns site-primary-footer-inner-wrap ast-builder-grid-row\"><div class=\"site-footer-primary-section-1 site-footer-section site-footer-section-1\">\u00a0<\/div><div class=\"site-footer-primary-section-2 site-footer-section site-footer-section-2\">\u00a0<\/div><div class=\"site-footer-primary-section-3 site-footer-section site-footer-section-3\"><div class=\"ast-builder-layout-element ast-flex site-footer-focus-item\" data-section=\"section-fb-social-icons-1\"><div class=\"ast-footer-social-1-wrap ast-footer-social-wrap\"><div class=\"footer-social-inner-wrap element-social-inner-wrap social-show-label-false ast-social-color-type-custom ast-social-stack-none ast-social-element-style-filled\">\u00a0<\/div><\/div><\/div><\/div><div class=\"site-footer-primary-section-4 site-footer-section site-footer-section-4\">\u00a0<\/div><\/div><\/div><\/div><div class=\"site-below-footer-wrap ast-builder-grid-row-container site-footer-focus-item ast-builder-grid-row-full ast-builder-grid-row-tablet-full ast-builder-grid-row-mobile-full ast-footer-row-stack ast-footer-row-tablet-stack ast-footer-row-mobile-stack\" data-section=\"section-below-footer-builder\"><div class=\"ast-builder-grid-row-container-inner\"><div class=\"ast-builder-footer-grid-columns site-below-footer-inner-wrap ast-builder-grid-row\"><div class=\"site-footer-below-section-1 site-footer-section site-footer-section-1\"><div class=\"ast-builder-layout-element ast-flex site-footer-focus-item ast-footer-copyright\" data-section=\"section-footer-builder\"><div class=\"ast-footer-copyright\">\u00a0<\/div><\/div><\/div><\/div><\/div><\/div><\/footer>\t\t\t\t\t\t\t\t<\/div>\n\t\t\t\t<\/div>\n\t\t\t\t\t<\/div>\n\t\t\t\t<\/div>\n\t\t\t\t<\/div>","protected":false},"excerpt":{"rendered":"<p>A helicoid auger flight refers to the helical or spiral-shaped blades that are part of an auger, which is a device or tool with a helical shape used for drilling, conveying materials, or other purposes. The term \u201cauger flight\u201d specifically refers to the spiral-shaped blades that help in the movement of materials in applications such [&hellip;]<\/p>\n","protected":false},"author":1,"featured_media":0,"parent":0,"menu_order":0,"comment_status":"closed","ping_status":"closed","template":"","meta":{"site-sidebar-layout":"no-sidebar","site-content-layout":"page-builder","ast-site-content-layout":"full-width-container","site-content-style":"default","site-sidebar-style":"default","ast-global-header-display":"","ast-banner-title-visibility":"","ast-main-header-display":"","ast-hfb-above-header-display":"","ast-hfb-below-header-display":"","ast-hfb-mobile-header-display":"","site-post-title":"disabled","ast-breadcrumbs-content":"","ast-featured-img":"disabled","footer-sml-layout":"","theme-transparent-header-meta":"","adv-header-id-meta":"","stick-header-meta":"","header-above-stick-meta":"","header-main-stick-meta":"","header-below-stick-meta":"","astra-migrate-meta-layouts":"set","ast-page-background-enabled":"default","ast-page-background-meta":{"desktop":{"background-color":"","background-image":"","background-repeat":"repeat","background-position":"center center","background-size":"auto","background-attachment":"scroll","background-type":"","background-media":"","overlay-type":"","overlay-color":"","overlay-opacity":"","overlay-gradient":""},"tablet":{"background-color":"","background-image":"","background-repeat":"repeat","background-position":"center center","background-size":"auto","background-attachment":"scroll","background-type":"","background-media":"","overlay-type":"","overlay-color":"","overlay-opacity":"","overlay-gradient":""},"mobile":{"background-color":"","background-image":"","background-repeat":"repeat","background-position":"center center","background-size":"auto","background-attachment":"scroll","background-type":"","background-media":"","overlay-type":"","overlay-color":"","overlay-opacity":"","overlay-gradient":""}},"ast-content-background-meta":{"desktop":{"background-color":"var(--ast-global-color-5)","background-image":"","background-repeat":"repeat","background-position":"center center","background-size":"auto","background-attachment":"scroll","background-type":"","background-media":"","overlay-type":"","overlay-color":"","overlay-opacity":"","overlay-gradient":""},"tablet":{"background-color":"var(--ast-global-color-5)","background-image":"","background-repeat":"repeat","background-position":"center center","background-size":"auto","background-attachment":"scroll","background-type":"","background-media":"","overlay-type":"","overlay-color":"","overlay-opacity":"","overlay-gradient":""},"mobile":{"background-color":"var(--ast-global-color-5)","background-image":"","background-repeat":"repeat","background-position":"center center","background-size":"auto","background-attachment":"scroll","background-type":"","background-media":"","overlay-type":"","overlay-color":"","overlay-opacity":"","overlay-gradient":""}},"footnotes":""},"class_list":["post-974","page","type-page","status-publish","hentry"],"_links":{"self":[{"href":"https:\/\/steelflights.com\/fr\/wp-json\/wp\/v2\/pages\/974","targetHints":{"allow":["GET"]}}],"collection":[{"href":"https:\/\/steelflights.com\/fr\/wp-json\/wp\/v2\/pages"}],"about":[{"href":"https:\/\/steelflights.com\/fr\/wp-json\/wp\/v2\/types\/page"}],"author":[{"embeddable":true,"href":"https:\/\/steelflights.com\/fr\/wp-json\/wp\/v2\/users\/1"}],"replies":[{"embeddable":true,"href":"https:\/\/steelflights.com\/fr\/wp-json\/wp\/v2\/comments?post=974"}],"version-history":[{"count":4,"href":"https:\/\/steelflights.com\/fr\/wp-json\/wp\/v2\/pages\/974\/revisions"}],"predecessor-version":[{"id":1102,"href":"https:\/\/steelflights.com\/fr\/wp-json\/wp\/v2\/pages\/974\/revisions\/1102"}],"wp:attachment":[{"href":"https:\/\/steelflights.com\/fr\/wp-json\/wp\/v2\/media?parent=974"}],"curies":[{"name":"wp","href":"https:\/\/api.w.org\/{rel}","templated":true}]}}