{"id":974,"date":"2023-11-20T15:22:32","date_gmt":"2023-11-20T15:22:32","guid":{"rendered":"https:\/\/steelflights.com\/?page_id=974"},"modified":"2023-11-28T07:36:49","modified_gmt":"2023-11-28T07:36:49","slug":"helicoid-flighting","status":"publish","type":"page","link":"https:\/\/steelflights.com\/pt_br\/helicoid-flighting\/","title":{"rendered":"Voo de helicoides"},"content":{"rendered":"<div data-elementor-type=\"wp-page\" data-elementor-id=\"974\" class=\"elementor elementor-974\" data-elementor-post-type=\"page\">\n\t\t\t\t<div class=\"elementor-element elementor-element-2b6f1b5 e-flex e-con-boxed e-con e-parent\" data-id=\"2b6f1b5\" data-element_type=\"container\" data-e-type=\"container\">\n\t\t\t\t\t<div class=\"e-con-inner\">\n\t\t\t\t<div class=\"elementor-element elementor-element-b3a7aef elementor-widget elementor-widget-image\" data-id=\"b3a7aef\" data-element_type=\"widget\" data-e-type=\"widget\" data-widget_type=\"image.default\">\n\t\t\t\t<div class=\"elementor-widget-container\">\n\t\t\t\t\t\t\t\t\t\t\t\t\t\t\t<img fetchpriority=\"high\" decoding=\"async\" width=\"550\" height=\"389\" src=\"https:\/\/steelflights.com\/wp-content\/uploads\/2023\/11\/Helicoid-auger-flights.webp\" class=\"attachment-large size-large wp-image-1063\" alt=\"Helicoid auger flights\" srcset=\"https:\/\/steelflights.com\/wp-content\/uploads\/2023\/11\/Helicoid-auger-flights.webp 550w, https:\/\/steelflights.com\/wp-content\/uploads\/2023\/11\/Helicoid-auger-flights-300x212.webp 300w\" sizes=\"(max-width: 550px) 100vw, 550px\" \/>\t\t\t\t\t\t\t\t\t\t\t\t\t\t\t<\/div>\n\t\t\t\t<\/div>\n\t\t\t\t\t<\/div>\n\t\t\t\t<\/div>\n\t\t<div class=\"elementor-element elementor-element-cade907 e-flex e-con-boxed e-con e-parent\" data-id=\"cade907\" data-element_type=\"container\" data-e-type=\"container\">\n\t\t\t\t\t<div class=\"e-con-inner\">\n\t\t\t\t<div class=\"elementor-element elementor-element-428dd97 elementor-widget elementor-widget-text-editor\" data-id=\"428dd97\" data-element_type=\"widget\" data-e-type=\"widget\" data-widget_type=\"text-editor.default\">\n\t\t\t\t<div class=\"elementor-widget-container\">\n\t\t\t\t\t\t\t\t\t<div id=\"content\" class=\"site-content\"><div class=\"ast-container\"><div id=\"primary\" class=\"content-area primary\"><main id=\"main\" class=\"site-main\"><article id=\"post-1031\" class=\"post-1031 page type-page status-publish ast-article-single\"><div class=\"entry-content clear\"><div class=\"elementor elementor-1031\" data-elementor-type=\"wp-page\" data-elementor-id=\"1031\"><div class=\"elementor-element elementor-element-4ab6b89 e-flex e-con-boxed e-con e-parent\" data-id=\"4ab6b89\" data-element_type=\"container\" data-settings=\"{&quot;content_width&quot;:&quot;boxed&quot;}\" data-core-v316-plus=\"true\"><div class=\"e-con-inner\"><div class=\"elementor-element elementor-element-9882f42 elementor-widget elementor-widget-text-editor\" data-id=\"9882f42\" data-element_type=\"widget\" data-widget_type=\"text-editor.default\"><div class=\"elementor-widget-container\"><p>Uma rosca sem-fim helicoidal refere-se \u00e0s l\u00e2minas helicoidais ou em forma de espiral que fazem parte de uma rosca sem-fim, que \u00e9 um dispositivo ou ferramenta com formato helicoidal usado para perfura\u00e7\u00e3o, transporte de materiais ou outros fins. O termo \"rosca sem fim\" refere-se especificamente \u00e0s l\u00e2minas em forma de espiral que ajudam na movimenta\u00e7\u00e3o de materiais em aplica\u00e7\u00f5es como transportadores helicoidais ou equipamentos de perfura\u00e7\u00e3o.<\/p><p>A rosca helicoidal normalmente consiste em uma fita helicoidal cont\u00ednua que envolve um eixo central (no caso de roscas com eixo) ou forma um padr\u00e3o helicoidal sem um eixo central (no caso de roscas sem eixo). O projeto da rosca helicoidal \u00e9 essencial para a movimenta\u00e7\u00e3o eficiente de materiais ao longo do comprimento da broca.<\/p><p>As principais caracter\u00edsticas dos voos de trado helicoidal incluem:<\/p><ol><li><p><strong>Forma helicoidal:<\/strong>\u00a0As asas t\u00eam um formato helicoidal ou espiral, o que permite o transporte eficiente de materiais. Esse projeto \u00e9 eficaz para movimentar v\u00e1rios tipos de materiais, inclusive subst\u00e2ncias granulares, em p\u00f3 e viscosas.<\/p><\/li><li><p><strong>Estrutura cont\u00ednua:<\/strong>\u00a0O revestimento forma uma fita cont\u00ednua, proporcionando uma superf\u00edcie lisa para o fluxo de material. Esse projeto ajuda a evitar o ac\u00famulo de material e garante um transporte consistente e confi\u00e1vel.<\/p><\/li><li><p><strong>Aplica\u00e7\u00f5es de manuseio de materiais:<\/strong>\u00a0As roscas helicoidais s\u00e3o comumente usadas em transportadores helicoidais para manuseio de materiais a granel, agricultura, equipamentos de perfura\u00e7\u00e3o e outras aplica\u00e7\u00f5es em que \u00e9 necess\u00e1rio o movimento controlado de materiais.<\/p><\/li><li><p><strong>Versatilidade:<\/strong>\u00a0O projeto helicoidal \u00e9 vers\u00e1til e pode ser adaptado para uso em diferentes tipos de brocas, incluindo projetos com e sem eixo.<\/p><\/li><\/ol><p>As dimens\u00f5es espec\u00edficas, o passo e outras caracter\u00edsticas das roscas helicoidais podem ser personalizados com base nos requisitos da aplica\u00e7\u00e3o e nas propriedades dos materiais que est\u00e3o sendo transportados ou perfurados.<\/p><\/div><\/div><\/div><\/div><\/div><\/div><\/article><\/main><\/div><\/div><\/div><footer id=\"colophon\" class=\"site-footer\"><div class=\"site-primary-footer-wrap ast-builder-grid-row-container site-footer-focus-item ast-builder-grid-row-4-equal ast-builder-grid-row-tablet-2-equal ast-builder-grid-row-mobile-full ast-footer-row-stack ast-footer-row-tablet-stack ast-footer-row-mobile-stack\" data-section=\"section-primary-footer-builder\"><div class=\"ast-builder-grid-row-container-inner\"><div class=\"ast-builder-footer-grid-columns site-primary-footer-inner-wrap ast-builder-grid-row\"><div class=\"site-footer-primary-section-1 site-footer-section site-footer-section-1\">\u00a0<\/div><div class=\"site-footer-primary-section-2 site-footer-section site-footer-section-2\">\u00a0<\/div><div class=\"site-footer-primary-section-3 site-footer-section site-footer-section-3\"><div class=\"ast-builder-layout-element ast-flex site-footer-focus-item\" data-section=\"section-fb-social-icons-1\"><div class=\"ast-footer-social-1-wrap ast-footer-social-wrap\"><div class=\"footer-social-inner-wrap element-social-inner-wrap social-show-label-false ast-social-color-type-custom ast-social-stack-none ast-social-element-style-filled\">\u00a0<\/div><\/div><\/div><\/div><div class=\"site-footer-primary-section-4 site-footer-section site-footer-section-4\">\u00a0<\/div><\/div><\/div><\/div><div class=\"site-below-footer-wrap ast-builder-grid-row-container site-footer-focus-item ast-builder-grid-row-full ast-builder-grid-row-tablet-full ast-builder-grid-row-mobile-full ast-footer-row-stack ast-footer-row-tablet-stack ast-footer-row-mobile-stack\" data-section=\"section-below-footer-builder\"><div class=\"ast-builder-grid-row-container-inner\"><div class=\"ast-builder-footer-grid-columns site-below-footer-inner-wrap ast-builder-grid-row\"><div class=\"site-footer-below-section-1 site-footer-section site-footer-section-1\"><div class=\"ast-builder-layout-element ast-flex site-footer-focus-item ast-footer-copyright\" data-section=\"section-footer-builder\"><div class=\"ast-footer-copyright\">\u00a0<\/div><\/div><\/div><\/div><\/div><\/div><\/footer>\t\t\t\t\t\t\t\t<\/div>\n\t\t\t\t<\/div>\n\t\t\t\t\t<\/div>\n\t\t\t\t<\/div>\n\t\t\t\t<\/div>","protected":false},"excerpt":{"rendered":"<p>A helicoid auger flight refers to the helical or spiral-shaped blades that are part of an auger, which is a device or tool with a helical shape used for drilling, conveying materials, or other purposes. The term \u201cauger flight\u201d specifically refers to the spiral-shaped blades that help in the movement of materials in applications such [&hellip;]<\/p>\n","protected":false},"author":1,"featured_media":0,"parent":0,"menu_order":0,"comment_status":"closed","ping_status":"closed","template":"","meta":{"site-sidebar-layout":"no-sidebar","site-content-layout":"page-builder","ast-site-content-layout":"full-width-container","site-content-style":"default","site-sidebar-style":"default","ast-global-header-display":"","ast-banner-title-visibility":"","ast-main-header-display":"","ast-hfb-above-header-display":"","ast-hfb-below-header-display":"","ast-hfb-mobile-header-display":"","site-post-title":"disabled","ast-breadcrumbs-content":"","ast-featured-img":"disabled","footer-sml-layout":"","theme-transparent-header-meta":"","adv-header-id-meta":"","stick-header-meta":"","header-above-stick-meta":"","header-main-stick-meta":"","header-below-stick-meta":"","astra-migrate-meta-layouts":"set","ast-page-background-enabled":"default","ast-page-background-meta":{"desktop":{"background-color":"","background-image":"","background-repeat":"repeat","background-position":"center center","background-size":"auto","background-attachment":"scroll","background-type":"","background-media":"","overlay-type":"","overlay-color":"","overlay-opacity":"","overlay-gradient":""},"tablet":{"background-color":"","background-image":"","background-repeat":"repeat","background-position":"center center","background-size":"auto","background-attachment":"scroll","background-type":"","background-media":"","overlay-type":"","overlay-color":"","overlay-opacity":"","overlay-gradient":""},"mobile":{"background-color":"","background-image":"","background-repeat":"repeat","background-position":"center center","background-size":"auto","background-attachment":"scroll","background-type":"","background-media":"","overlay-type":"","overlay-color":"","overlay-opacity":"","overlay-gradient":""}},"ast-content-background-meta":{"desktop":{"background-color":"var(--ast-global-color-5)","background-image":"","background-repeat":"repeat","background-position":"center center","background-size":"auto","background-attachment":"scroll","background-type":"","background-media":"","overlay-type":"","overlay-color":"","overlay-opacity":"","overlay-gradient":""},"tablet":{"background-color":"var(--ast-global-color-5)","background-image":"","background-repeat":"repeat","background-position":"center center","background-size":"auto","background-attachment":"scroll","background-type":"","background-media":"","overlay-type":"","overlay-color":"","overlay-opacity":"","overlay-gradient":""},"mobile":{"background-color":"var(--ast-global-color-5)","background-image":"","background-repeat":"repeat","background-position":"center center","background-size":"auto","background-attachment":"scroll","background-type":"","background-media":"","overlay-type":"","overlay-color":"","overlay-opacity":"","overlay-gradient":""}},"footnotes":""},"class_list":["post-974","page","type-page","status-publish","hentry"],"_links":{"self":[{"href":"https:\/\/steelflights.com\/pt_br\/wp-json\/wp\/v2\/pages\/974","targetHints":{"allow":["GET"]}}],"collection":[{"href":"https:\/\/steelflights.com\/pt_br\/wp-json\/wp\/v2\/pages"}],"about":[{"href":"https:\/\/steelflights.com\/pt_br\/wp-json\/wp\/v2\/types\/page"}],"author":[{"embeddable":true,"href":"https:\/\/steelflights.com\/pt_br\/wp-json\/wp\/v2\/users\/1"}],"replies":[{"embeddable":true,"href":"https:\/\/steelflights.com\/pt_br\/wp-json\/wp\/v2\/comments?post=974"}],"version-history":[{"count":4,"href":"https:\/\/steelflights.com\/pt_br\/wp-json\/wp\/v2\/pages\/974\/revisions"}],"predecessor-version":[{"id":1102,"href":"https:\/\/steelflights.com\/pt_br\/wp-json\/wp\/v2\/pages\/974\/revisions\/1102"}],"wp:attachment":[{"href":"https:\/\/steelflights.com\/pt_br\/wp-json\/wp\/v2\/media?parent=974"}],"curies":[{"name":"wp","href":"https:\/\/api.w.org\/{rel}","templated":true}]}}