{"id":976,"date":"2023-11-20T15:25:20","date_gmt":"2023-11-20T15:25:20","guid":{"rendered":"https:\/\/steelflights.com\/?page_id=976"},"modified":"2023-11-28T07:35:44","modified_gmt":"2023-11-28T07:35:44","slug":"shaftless-spirals","status":"publish","type":"page","link":"https:\/\/steelflights.com\/pt_br\/shaftless-spirals\/","title":{"rendered":"Espirais sem eixo"},"content":{"rendered":"<div data-elementor-type=\"wp-page\" data-elementor-id=\"976\" class=\"elementor elementor-976\" data-elementor-post-type=\"page\">\n\t\t\t\t<div class=\"elementor-element elementor-element-4b5684d e-flex e-con-boxed e-con e-parent\" data-id=\"4b5684d\" data-element_type=\"container\" data-e-type=\"container\">\n\t\t\t\t\t<div class=\"e-con-inner\">\n\t\t\t\t<div class=\"elementor-element elementor-element-ec9299d elementor-widget elementor-widget-image\" data-id=\"ec9299d\" data-element_type=\"widget\" data-e-type=\"widget\" data-widget_type=\"image.default\">\n\t\t\t\t<div class=\"elementor-widget-container\">\n\t\t\t\t\t\t\t\t\t\t\t\t\t\t\t<img fetchpriority=\"high\" decoding=\"async\" width=\"1024\" height=\"576\" src=\"https:\/\/steelflights.com\/wp-content\/uploads\/2023\/11\/shaftless-auger-flighting-1-1024x576.jpg\" class=\"attachment-large size-large wp-image-1054\" alt=\"shaftless auger flighting\" srcset=\"https:\/\/steelflights.com\/wp-content\/uploads\/2023\/11\/shaftless-auger-flighting-1-1024x576.jpg 1024w, https:\/\/steelflights.com\/wp-content\/uploads\/2023\/11\/shaftless-auger-flighting-1-300x169.jpg 300w, https:\/\/steelflights.com\/wp-content\/uploads\/2023\/11\/shaftless-auger-flighting-1-768x432.jpg 768w, https:\/\/steelflights.com\/wp-content\/uploads\/2023\/11\/shaftless-auger-flighting-1-1536x864.jpg 1536w, https:\/\/steelflights.com\/wp-content\/uploads\/2023\/11\/shaftless-auger-flighting-1.jpg 1920w\" sizes=\"(max-width: 1024px) 100vw, 1024px\" \/>\t\t\t\t\t\t\t\t\t\t\t\t\t\t\t<\/div>\n\t\t\t\t<\/div>\n\t\t\t\t\t<\/div>\n\t\t\t\t<\/div>\n\t\t<div class=\"elementor-element elementor-element-63ebebf e-flex e-con-boxed e-con e-parent\" data-id=\"63ebebf\" data-element_type=\"container\" data-e-type=\"container\">\n\t\t\t\t\t<div class=\"e-con-inner\">\n\t\t\t\t<div class=\"elementor-element elementor-element-b8deb0a elementor-widget elementor-widget-text-editor\" data-id=\"b8deb0a\" data-element_type=\"widget\" data-e-type=\"widget\" data-widget_type=\"text-editor.default\">\n\t\t\t\t<div class=\"elementor-widget-container\">\n\t\t\t\t\t\t\t\t\t<p><a href=\"https:\/\/steelflights.com\/pt_br\/\"><strong>Voos de a\u00e7o<\/strong><\/a>\u00a0Em um sem-fim sem eixo, a guia \u00e9 fixada diretamente na carca\u00e7a externa ou na calha. Esse projeto tem v\u00e1rias vantagens, inclusive:<\/p><ul><li>Melhor transporte de materiais: A aus\u00eancia de um eixo central permite um espa\u00e7o aberto maior para a movimenta\u00e7\u00e3o do material, reduzindo o risco de entupimento. \u00c9 particularmente eficaz para o transporte de materiais pegajosos, viscosos ou fibrosos.<\/li><li>Manuten\u00e7\u00e3o reduzida: Como n\u00e3o h\u00e1 um eixo central, h\u00e1 menos risco de ac\u00famulo de material ao redor do eixo, reduzindo a necessidade de manuten\u00e7\u00e3o e limpeza frequentes.<\/li><li>Flexibilidade no projeto: As brocas sem eixo podem ser projetadas com v\u00e1rios di\u00e2metros e passos para atender a aplica\u00e7\u00f5es e materiais espec\u00edficos.<\/li><li>F\u00e1cil manuten\u00e7\u00e3o e limpeza: A aus\u00eancia de um eixo central facilita o acesso e a limpeza do transportador, contribuindo para reduzir os custos de manuten\u00e7\u00e3o.<\/li><\/ul><p>As brocas sem eixo s\u00e3o comumente usadas em esta\u00e7\u00f5es de tratamento de \u00e1guas residuais, processos industriais e outras aplica\u00e7\u00f5es em que \u00e9 necess\u00e1rio o transporte de lodo, subst\u00e2ncias pegajosas ou materiais grandes e de formato irregular. Seu projeto permite o transporte eficiente e confi\u00e1vel de materiais, minimizando o risco de bloqueios e reduzindo os esfor\u00e7os de manuten\u00e7\u00e3o.<\/p>\t\t\t\t\t\t\t\t<\/div>\n\t\t\t\t<\/div>\n\t\t\t\t\t<\/div>\n\t\t\t\t<\/div>\n\t\t\t\t<\/div>","protected":false},"excerpt":{"rendered":"<p>Steel Flights\u00a0manufactures continuous auger flighting, also known as shaftless auger flighting , in a large range of thicknesses and diameters.In a shaftless auger, the flighting is directly attached to the outer casing or trough. This design has several advantages, including: Improved Conveyance of Materials: The absence of a central shaft allows for a larger open [&hellip;]<\/p>\n","protected":false},"author":1,"featured_media":0,"parent":0,"menu_order":0,"comment_status":"closed","ping_status":"closed","template":"","meta":{"site-sidebar-layout":"no-sidebar","site-content-layout":"page-builder","ast-site-content-layout":"full-width-container","site-content-style":"default","site-sidebar-style":"default","ast-global-header-display":"","ast-banner-title-visibility":"","ast-main-header-display":"","ast-hfb-above-header-display":"","ast-hfb-below-header-display":"","ast-hfb-mobile-header-display":"","site-post-title":"disabled","ast-breadcrumbs-content":"","ast-featured-img":"disabled","footer-sml-layout":"","theme-transparent-header-meta":"","adv-header-id-meta":"","stick-header-meta":"","header-above-stick-meta":"","header-main-stick-meta":"","header-below-stick-meta":"","astra-migrate-meta-layouts":"set","ast-page-background-enabled":"default","ast-page-background-meta":{"desktop":{"background-color":"","background-image":"","background-repeat":"repeat","background-position":"center center","background-size":"auto","background-attachment":"scroll","background-type":"","background-media":"","overlay-type":"","overlay-color":"","overlay-opacity":"","overlay-gradient":""},"tablet":{"background-color":"","background-image":"","background-repeat":"repeat","background-position":"center center","background-size":"auto","background-attachment":"scroll","background-type":"","background-media":"","overlay-type":"","overlay-color":"","overlay-opacity":"","overlay-gradient":""},"mobile":{"background-color":"","background-image":"","background-repeat":"repeat","background-position":"center center","background-size":"auto","background-attachment":"scroll","background-type":"","background-media":"","overlay-type":"","overlay-color":"","overlay-opacity":"","overlay-gradient":""}},"ast-content-background-meta":{"desktop":{"background-color":"var(--ast-global-color-5)","background-image":"","background-repeat":"repeat","background-position":"center center","background-size":"auto","background-attachment":"scroll","background-type":"","background-media":"","overlay-type":"","overlay-color":"","overlay-opacity":"","overlay-gradient":""},"tablet":{"background-color":"var(--ast-global-color-5)","background-image":"","background-repeat":"repeat","background-position":"center center","background-size":"auto","background-attachment":"scroll","background-type":"","background-media":"","overlay-type":"","overlay-color":"","overlay-opacity":"","overlay-gradient":""},"mobile":{"background-color":"var(--ast-global-color-5)","background-image":"","background-repeat":"repeat","background-position":"center center","background-size":"auto","background-attachment":"scroll","background-type":"","background-media":"","overlay-type":"","overlay-color":"","overlay-opacity":"","overlay-gradient":""}},"footnotes":""},"class_list":["post-976","page","type-page","status-publish","hentry"],"_links":{"self":[{"href":"https:\/\/steelflights.com\/pt_br\/wp-json\/wp\/v2\/pages\/976","targetHints":{"allow":["GET"]}}],"collection":[{"href":"https:\/\/steelflights.com\/pt_br\/wp-json\/wp\/v2\/pages"}],"about":[{"href":"https:\/\/steelflights.com\/pt_br\/wp-json\/wp\/v2\/types\/page"}],"author":[{"embeddable":true,"href":"https:\/\/steelflights.com\/pt_br\/wp-json\/wp\/v2\/users\/1"}],"replies":[{"embeddable":true,"href":"https:\/\/steelflights.com\/pt_br\/wp-json\/wp\/v2\/comments?post=976"}],"version-history":[{"count":5,"href":"https:\/\/steelflights.com\/pt_br\/wp-json\/wp\/v2\/pages\/976\/revisions"}],"predecessor-version":[{"id":1099,"href":"https:\/\/steelflights.com\/pt_br\/wp-json\/wp\/v2\/pages\/976\/revisions\/1099"}],"wp:attachment":[{"href":"https:\/\/steelflights.com\/pt_br\/wp-json\/wp\/v2\/media?parent=976"}],"curies":[{"name":"wp","href":"https:\/\/api.w.org\/{rel}","templated":true}]}}