{"id":902,"date":"2023-11-10T09:17:12","date_gmt":"2023-11-10T09:17:12","guid":{"rendered":"https:\/\/steelflights.com\/?page_id=902"},"modified":"2024-11-01T07:16:59","modified_gmt":"2024-11-01T07:16:59","slug":"sectional-flights","status":"publish","type":"page","link":"https:\/\/steelflights.com\/sk\/sectional-flights\/","title":{"rendered":"Sek\u010dn\u00e9 lety"},"content":{"rendered":"<div data-elementor-type=\"wp-page\" data-elementor-id=\"902\" class=\"elementor elementor-902\" data-elementor-post-type=\"page\">\n\t\t\t\t<div class=\"elementor-element elementor-element-15964ac e-flex e-con-boxed e-con e-parent\" data-id=\"15964ac\" data-element_type=\"container\" data-e-type=\"container\">\n\t\t\t\t\t<div class=\"e-con-inner\">\n\t\t\t\t<div class=\"elementor-element elementor-element-6cc1d86 elementor-widget elementor-widget-image\" data-id=\"6cc1d86\" data-element_type=\"widget\" data-e-type=\"widget\" data-widget_type=\"image.default\">\n\t\t\t\t<div class=\"elementor-widget-container\">\n\t\t\t\t\t\t\t\t\t\t\t\t\t\t\t<img fetchpriority=\"high\" decoding=\"async\" width=\"2276\" height=\"1280\" src=\"https:\/\/steelflights.com\/wp-content\/uploads\/2023\/11\/sectional-flights-1-rotated.jpg\" class=\"attachment-full size-full wp-image-1055\" alt=\"sectional flights\" srcset=\"https:\/\/steelflights.com\/wp-content\/uploads\/2023\/11\/sectional-flights-1-rotated.jpg 2276w, https:\/\/steelflights.com\/wp-content\/uploads\/2023\/11\/sectional-flights-1-300x169.jpg 300w, https:\/\/steelflights.com\/wp-content\/uploads\/2023\/11\/sectional-flights-1-1024x576.jpg 1024w, https:\/\/steelflights.com\/wp-content\/uploads\/2023\/11\/sectional-flights-1-768x432.jpg 768w, https:\/\/steelflights.com\/wp-content\/uploads\/2023\/11\/sectional-flights-1-1536x864.jpg 1536w, https:\/\/steelflights.com\/wp-content\/uploads\/2023\/11\/sectional-flights-1-2048x1152.jpg 2048w\" sizes=\"(max-width: 2276px) 100vw, 2276px\" \/>\t\t\t\t\t\t\t\t\t\t\t\t\t\t\t<\/div>\n\t\t\t\t<\/div>\n\t\t\t\t\t<\/div>\n\t\t\t\t<\/div>\n\t\t<div class=\"elementor-element elementor-element-5131ce6 e-flex e-con-boxed e-con e-parent\" data-id=\"5131ce6\" data-element_type=\"container\" data-e-type=\"container\">\n\t\t\t\t\t<div class=\"e-con-inner\">\n\t\t\t\t<div class=\"elementor-element elementor-element-0acffe5 elementor-widget elementor-widget-text-editor\" data-id=\"0acffe5\" data-element_type=\"widget\" data-e-type=\"widget\" data-widget_type=\"text-editor.default\">\n\t\t\t\t<div class=\"elementor-widget-container\">\n\t\t\t\t\t\t\t\t\t<p><strong>Sek\u010dn\u00e9 lety<\/strong> s\u00fa jednotliv\u00e9 segmenty \u0161pir\u00e1lov\u00e9ho alebo \u0161pir\u00e1lov\u00e9ho letovania, ktor\u00e9 sa be\u017ene pou\u017e\u00edvaj\u00fa v z\u00e1vitovkov\u00fdch dopravn\u00edkoch a \u0161nekoch. Tieto <strong>sek\u010dn\u00e9 \u0161nekov\u00e9 lety<\/strong> s\u00fa navrhnut\u00e9 tak, aby sa dali priskrutkova\u0165 alebo zv\u00e1ra\u0165, \u010d\u00edm sa vytvor\u00ed s\u00favisl\u00e1 a prisp\u00f4sobite\u013en\u00e1 \u0161pir\u00e1la na efekt\u00edvnu manipul\u00e1ciu s materi\u00e1lom. Na rozdiel od priebe\u017en\u00e9ho alebo p\u00e1skov\u00e9ho letovania, ktor\u00e9 vytv\u00e1ra jednu nepreru\u0161ovan\u00fa \u0161pir\u00e1lu, <strong>sek\u010dn\u00e9 lety<\/strong> pon\u00fakaj\u00fa v\u00e4\u010d\u0161iu flexibilitu pri navrhovan\u00ed a mont\u00e1\u017ei, v\u010faka \u010domu s\u00fa ide\u00e1lne pre n\u00e1ro\u010dn\u00e9 aplik\u00e1cie.<\/p><p>Sekcion\u00e1lne lety s vysokou odolnos\u0165ou a v\u0161estrannos\u0165ou sa vo ve\u013ekej miere pou\u017e\u00edvaj\u00fa v odvetviach, ako s\u00fa <strong>po\u013enohospod\u00e1rstvo<\/strong>, <strong>ban\u00edctvo<\/strong>a <strong>v\u00fdstavba<\/strong>. Prisp\u00f4soben\u00e9 \u0161pecifick\u00fdm potreb\u00e1m zariadenia, <strong>sekcion\u00e1lne \u0161nekov\u00e9 letovanie<\/strong> poskytuje vysok\u00fd v\u00fdkon v n\u00e1ro\u010dn\u00fdch podmienkach a zaru\u010duje spo\u013eahlivos\u0165 a dlh\u00fa \u017eivotnos\u0165 v n\u00e1ro\u010dn\u00fdch prostrediach.<\/p>\t\t\t\t\t\t\t\t<\/div>\n\t\t\t\t<\/div>\n\t\t\t\t\t<\/div>\n\t\t\t\t<\/div>\n\t\t\t\t<\/div>","protected":false},"excerpt":{"rendered":"<p>Sectional Flights are individual segments of helical or spiral flighting commonly used in screw conveyors and augers. These sectional auger flights are designed to be bolted or welded together, forming a continuous and customizable helix for efficient material handling. Unlike continuous or ribbon flighting, which forms a single, uninterrupted spiral, sectional flights offer greater flexibility [&hellip;]<\/p>\n","protected":false},"author":1,"featured_media":0,"parent":0,"menu_order":0,"comment_status":"closed","ping_status":"closed","template":"","meta":{"site-sidebar-layout":"no-sidebar","site-content-layout":"page-builder","ast-site-content-layout":"full-width-container","site-content-style":"default","site-sidebar-style":"default","ast-global-header-display":"","ast-banner-title-visibility":"","ast-main-header-display":"","ast-hfb-above-header-display":"","ast-hfb-below-header-display":"","ast-hfb-mobile-header-display":"","site-post-title":"disabled","ast-breadcrumbs-content":"","ast-featured-img":"disabled","footer-sml-layout":"","theme-transparent-header-meta":"","adv-header-id-meta":"","stick-header-meta":"","header-above-stick-meta":"","header-main-stick-meta":"","header-below-stick-meta":"","astra-migrate-meta-layouts":"set","ast-page-background-enabled":"default","ast-page-background-meta":{"desktop":{"background-color":"","background-image":"","background-repeat":"repeat","background-position":"center center","background-size":"auto","background-attachment":"scroll","background-type":"","background-media":"","overlay-type":"","overlay-color":"","overlay-opacity":"","overlay-gradient":""},"tablet":{"background-color":"","background-image":"","background-repeat":"repeat","background-position":"center center","background-size":"auto","background-attachment":"scroll","background-type":"","background-media":"","overlay-type":"","overlay-color":"","overlay-opacity":"","overlay-gradient":""},"mobile":{"background-color":"","background-image":"","background-repeat":"repeat","background-position":"center center","background-size":"auto","background-attachment":"scroll","background-type":"","background-media":"","overlay-type":"","overlay-color":"","overlay-opacity":"","overlay-gradient":""}},"ast-content-background-meta":{"desktop":{"background-color":"var(--ast-global-color-5)","background-image":"","background-repeat":"repeat","background-position":"center center","background-size":"auto","background-attachment":"scroll","background-type":"","background-media":"","overlay-type":"","overlay-color":"","overlay-opacity":"","overlay-gradient":""},"tablet":{"background-color":"var(--ast-global-color-5)","background-image":"","background-repeat":"repeat","background-position":"center center","background-size":"auto","background-attachment":"scroll","background-type":"","background-media":"","overlay-type":"","overlay-color":"","overlay-opacity":"","overlay-gradient":""},"mobile":{"background-color":"var(--ast-global-color-5)","background-image":"","background-repeat":"repeat","background-position":"center center","background-size":"auto","background-attachment":"scroll","background-type":"","background-media":"","overlay-type":"","overlay-color":"","overlay-opacity":"","overlay-gradient":""}},"footnotes":""},"class_list":["post-902","page","type-page","status-publish","hentry"],"_links":{"self":[{"href":"https:\/\/steelflights.com\/sk\/wp-json\/wp\/v2\/pages\/902","targetHints":{"allow":["GET"]}}],"collection":[{"href":"https:\/\/steelflights.com\/sk\/wp-json\/wp\/v2\/pages"}],"about":[{"href":"https:\/\/steelflights.com\/sk\/wp-json\/wp\/v2\/types\/page"}],"author":[{"embeddable":true,"href":"https:\/\/steelflights.com\/sk\/wp-json\/wp\/v2\/users\/1"}],"replies":[{"embeddable":true,"href":"https:\/\/steelflights.com\/sk\/wp-json\/wp\/v2\/comments?post=902"}],"version-history":[{"count":11,"href":"https:\/\/steelflights.com\/sk\/wp-json\/wp\/v2\/pages\/902\/revisions"}],"predecessor-version":[{"id":1254,"href":"https:\/\/steelflights.com\/sk\/wp-json\/wp\/v2\/pages\/902\/revisions\/1254"}],"wp:attachment":[{"href":"https:\/\/steelflights.com\/sk\/wp-json\/wp\/v2\/media?parent=902"}],"curies":[{"name":"wp","href":"https:\/\/api.w.org\/{rel}","templated":true}]}}