{"id":974,"date":"2023-11-20T15:22:32","date_gmt":"2023-11-20T15:22:32","guid":{"rendered":"https:\/\/steelflights.com\/?page_id=974"},"modified":"2023-11-28T07:36:49","modified_gmt":"2023-11-28T07:36:49","slug":"helicoid-flighting","status":"publish","type":"page","link":"https:\/\/steelflights.com\/sk\/helicoid-flighting\/","title":{"rendered":"Helikoidn\u00e9 lietanie"},"content":{"rendered":"<div data-elementor-type=\"wp-page\" data-elementor-id=\"974\" class=\"elementor elementor-974\" data-elementor-post-type=\"page\">\n\t\t\t\t<div class=\"elementor-element elementor-element-2b6f1b5 e-flex e-con-boxed e-con e-parent\" data-id=\"2b6f1b5\" data-element_type=\"container\" data-e-type=\"container\">\n\t\t\t\t\t<div class=\"e-con-inner\">\n\t\t\t\t<div class=\"elementor-element elementor-element-b3a7aef elementor-widget elementor-widget-image\" data-id=\"b3a7aef\" data-element_type=\"widget\" data-e-type=\"widget\" data-widget_type=\"image.default\">\n\t\t\t\t<div class=\"elementor-widget-container\">\n\t\t\t\t\t\t\t\t\t\t\t\t\t\t\t<img fetchpriority=\"high\" decoding=\"async\" width=\"550\" height=\"389\" src=\"https:\/\/steelflights.com\/wp-content\/uploads\/2023\/11\/Helicoid-auger-flights.webp\" class=\"attachment-large size-large wp-image-1063\" alt=\"Helicoid auger flights\" srcset=\"https:\/\/steelflights.com\/wp-content\/uploads\/2023\/11\/Helicoid-auger-flights.webp 550w, https:\/\/steelflights.com\/wp-content\/uploads\/2023\/11\/Helicoid-auger-flights-300x212.webp 300w\" sizes=\"(max-width: 550px) 100vw, 550px\" \/>\t\t\t\t\t\t\t\t\t\t\t\t\t\t\t<\/div>\n\t\t\t\t<\/div>\n\t\t\t\t\t<\/div>\n\t\t\t\t<\/div>\n\t\t<div class=\"elementor-element elementor-element-cade907 e-flex e-con-boxed e-con e-parent\" data-id=\"cade907\" data-element_type=\"container\" data-e-type=\"container\">\n\t\t\t\t\t<div class=\"e-con-inner\">\n\t\t\t\t<div class=\"elementor-element elementor-element-428dd97 elementor-widget elementor-widget-text-editor\" data-id=\"428dd97\" data-element_type=\"widget\" data-e-type=\"widget\" data-widget_type=\"text-editor.default\">\n\t\t\t\t<div class=\"elementor-widget-container\">\n\t\t\t\t\t\t\t\t\t<div id=\"content\" class=\"site-content\"><div class=\"ast-container\"><div id=\"primary\" class=\"content-area primary\"><main id=\"main\" class=\"site-main\"><article id=\"post-1031\" class=\"post-1031 page type-page status-publish ast-article-single\"><div class=\"entry-content clear\"><div class=\"elementor elementor-1031\" data-elementor-type=\"wp-page\" data-elementor-id=\"1031\"><div class=\"elementor-element elementor-element-4ab6b89 e-flex e-con-boxed e-con e-parent\" data-id=\"4ab6b89\" data-element_type=\"container\" data-settings=\"{&quot;content_width&quot;:&quot;boxed&quot;}\" data-core-v316-plus=\"true\"><div class=\"e-con-inner\"><div class=\"elementor-element elementor-element-9882f42 elementor-widget elementor-widget-text-editor\" data-id=\"9882f42\" data-element_type=\"widget\" data-widget_type=\"text-editor.default\"><div class=\"elementor-widget-container\"><p>\u0160pir\u00e1lov\u00fd let \u0161neku ozna\u010duje \u0161pir\u00e1lov\u00e9 alebo \u0161pir\u00e1lovit\u00e9 lopatky, ktor\u00e9 s\u00fa s\u00fa\u010das\u0165ou \u0161neku, \u010do je zariadenie alebo n\u00e1stroj \u0161pir\u00e1lov\u00e9ho tvaru pou\u017e\u00edvan\u00fd na v\u0155tanie, dopravu materi\u00e1lov alebo in\u00e9 \u00fa\u010dely. Term\u00edn \"\u0161nekov\u00fd let\" sa konkr\u00e9tne vz\u0165ahuje na lopatky \u0161pir\u00e1lovit\u00e9ho tvaru, ktor\u00e9 pom\u00e1haj\u00fa pri pohybe materi\u00e1lov v aplik\u00e1ci\u00e1ch, ako s\u00fa skrutkov\u00e9 dopravn\u00edky alebo v\u0155tacie zariadenia.<\/p><p>\u0160pir\u00e1lov\u00fd let \u0161neku sa zvy\u010dajne sklad\u00e1 z nepretr\u017eitej \u0161pir\u00e1lovej p\u00e1sky, ktor\u00e1 sa ov\u00edja okolo centr\u00e1lneho hriade\u013ea (v pr\u00edpade \u0161nekov s hriade\u013eom) alebo vytv\u00e1ra \u0161pir\u00e1lov\u00fd vzor bez centr\u00e1lneho hriade\u013ea (v pr\u00edpade bezhriade\u013eov\u00fdch \u0161nekov). Kon\u0161trukcia \u0161pir\u00e1lov\u00e9ho letu je nevyhnutn\u00e1 na \u00fa\u010dinn\u00fd pohyb materi\u00e1lov po d\u013a\u017eke \u0161neku.<\/p><p>K\u013e\u00fa\u010dov\u00e9 charakteristiky helikoidn\u00fdch \u0161nekov\u00fdch letov zah\u0155\u0148aj\u00fa:<\/p><ol><li><p><strong>\u0160pir\u00e1lov\u00fd tvar:<\/strong>\u00a0Letky maj\u00fa \u0161pir\u00e1lovit\u00fd tvar, ktor\u00fd umo\u017e\u0148uje efekt\u00edvnu dopravu materi\u00e1lu. T\u00e1to kon\u0161trukcia je \u00fa\u010dinn\u00e1 pri presune r\u00f4znych typov materi\u00e1lov vr\u00e1tane zrnit\u00fdch, pr\u00e1\u0161kov\u00fdch a visk\u00f3znych l\u00e1tok.<\/p><\/li><li><p><strong>Kontinu\u00e1lna \u0161trukt\u00fara:<\/strong>\u00a0Letovanie tvor\u00ed s\u00favisl\u00fa stuhu, ktor\u00e1 poskytuje hladk\u00fd povrch pre tok materi\u00e1lu. T\u00e1to kon\u0161trukcia pom\u00e1ha predch\u00e1dza\u0165 hromadeniu materi\u00e1lu a zabezpe\u010duje konzistentn\u00fd a spo\u013eahliv\u00fd transport.<\/p><\/li><li><p><strong>Aplik\u00e1cie na manipul\u00e1ciu s materi\u00e1lom:<\/strong>\u00a0Helikoidov\u00e9 \u0161nekov\u00e9 dr\u00e1hy sa be\u017ene pou\u017e\u00edvaj\u00fa v z\u00e1vitovkov\u00fdch dopravn\u00edkoch na manipul\u00e1ciu so sypk\u00fdmi materi\u00e1lmi, v po\u013enohospod\u00e1rstve, vo v\u0155tac\u00edch zariadeniach a v in\u00fdch aplik\u00e1ci\u00e1ch, kde sa vy\u017eaduje riaden\u00fd pohyb materi\u00e1lov.<\/p><\/li><li><p><strong>V\u0161estrannos\u0165:<\/strong>\u00a0\u0160pir\u00e1lov\u00e1 kon\u0161trukcia je univerz\u00e1lna a mo\u017eno ju prisp\u00f4sobi\u0165 na pou\u017eitie v r\u00f4znych typoch \u0161nekov vr\u00e1tane kon\u0161trukci\u00ed s hriade\u013eom aj bez hriade\u013ea.<\/p><\/li><\/ol><p>Konkr\u00e9tne rozmery, rozstup a \u010fal\u0161ie charakteristiky \u0161nekov\u00fdch letov mo\u017eno prisp\u00f4sobi\u0165 na z\u00e1klade po\u017eiadaviek aplik\u00e1cie a vlastnost\u00ed prepravovan\u00fdch alebo v\u0155tan\u00fdch materi\u00e1lov.<\/p><\/div><\/div><\/div><\/div><\/div><\/div><\/article><\/main><\/div><\/div><\/div><footer id=\"colophon\" class=\"site-footer\"><div class=\"site-primary-footer-wrap ast-builder-grid-row-container site-footer-focus-item ast-builder-grid-row-4-equal ast-builder-grid-row-tablet-2-equal ast-builder-grid-row-mobile-full ast-footer-row-stack ast-footer-row-tablet-stack ast-footer-row-mobile-stack\" data-section=\"section-primary-footer-builder\"><div class=\"ast-builder-grid-row-container-inner\"><div class=\"ast-builder-footer-grid-columns site-primary-footer-inner-wrap ast-builder-grid-row\"><div class=\"site-footer-primary-section-1 site-footer-section site-footer-section-1\">\u00a0<\/div><div class=\"site-footer-primary-section-2 site-footer-section site-footer-section-2\">\u00a0<\/div><div class=\"site-footer-primary-section-3 site-footer-section site-footer-section-3\"><div class=\"ast-builder-layout-element ast-flex site-footer-focus-item\" data-section=\"section-fb-social-icons-1\"><div class=\"ast-footer-social-1-wrap ast-footer-social-wrap\"><div class=\"footer-social-inner-wrap element-social-inner-wrap social-show-label-false ast-social-color-type-custom ast-social-stack-none ast-social-element-style-filled\">\u00a0<\/div><\/div><\/div><\/div><div class=\"site-footer-primary-section-4 site-footer-section site-footer-section-4\">\u00a0<\/div><\/div><\/div><\/div><div class=\"site-below-footer-wrap ast-builder-grid-row-container site-footer-focus-item ast-builder-grid-row-full ast-builder-grid-row-tablet-full ast-builder-grid-row-mobile-full ast-footer-row-stack ast-footer-row-tablet-stack ast-footer-row-mobile-stack\" data-section=\"section-below-footer-builder\"><div class=\"ast-builder-grid-row-container-inner\"><div class=\"ast-builder-footer-grid-columns site-below-footer-inner-wrap ast-builder-grid-row\"><div class=\"site-footer-below-section-1 site-footer-section site-footer-section-1\"><div class=\"ast-builder-layout-element ast-flex site-footer-focus-item ast-footer-copyright\" data-section=\"section-footer-builder\"><div class=\"ast-footer-copyright\">\u00a0<\/div><\/div><\/div><\/div><\/div><\/div><\/footer>\t\t\t\t\t\t\t\t<\/div>\n\t\t\t\t<\/div>\n\t\t\t\t\t<\/div>\n\t\t\t\t<\/div>\n\t\t\t\t<\/div>","protected":false},"excerpt":{"rendered":"<p>A helicoid auger flight refers to the helical or spiral-shaped blades that are part of an auger, which is a device or tool with a helical shape used for drilling, conveying materials, or other purposes. The term \u201cauger flight\u201d specifically refers to the spiral-shaped blades that help in the movement of materials in applications such [&hellip;]<\/p>\n","protected":false},"author":1,"featured_media":0,"parent":0,"menu_order":0,"comment_status":"closed","ping_status":"closed","template":"","meta":{"site-sidebar-layout":"no-sidebar","site-content-layout":"page-builder","ast-site-content-layout":"full-width-container","site-content-style":"default","site-sidebar-style":"default","ast-global-header-display":"","ast-banner-title-visibility":"","ast-main-header-display":"","ast-hfb-above-header-display":"","ast-hfb-below-header-display":"","ast-hfb-mobile-header-display":"","site-post-title":"disabled","ast-breadcrumbs-content":"","ast-featured-img":"disabled","footer-sml-layout":"","theme-transparent-header-meta":"","adv-header-id-meta":"","stick-header-meta":"","header-above-stick-meta":"","header-main-stick-meta":"","header-below-stick-meta":"","astra-migrate-meta-layouts":"set","ast-page-background-enabled":"default","ast-page-background-meta":{"desktop":{"background-color":"","background-image":"","background-repeat":"repeat","background-position":"center center","background-size":"auto","background-attachment":"scroll","background-type":"","background-media":"","overlay-type":"","overlay-color":"","overlay-opacity":"","overlay-gradient":""},"tablet":{"background-color":"","background-image":"","background-repeat":"repeat","background-position":"center center","background-size":"auto","background-attachment":"scroll","background-type":"","background-media":"","overlay-type":"","overlay-color":"","overlay-opacity":"","overlay-gradient":""},"mobile":{"background-color":"","background-image":"","background-repeat":"repeat","background-position":"center center","background-size":"auto","background-attachment":"scroll","background-type":"","background-media":"","overlay-type":"","overlay-color":"","overlay-opacity":"","overlay-gradient":""}},"ast-content-background-meta":{"desktop":{"background-color":"var(--ast-global-color-5)","background-image":"","background-repeat":"repeat","background-position":"center center","background-size":"auto","background-attachment":"scroll","background-type":"","background-media":"","overlay-type":"","overlay-color":"","overlay-opacity":"","overlay-gradient":""},"tablet":{"background-color":"var(--ast-global-color-5)","background-image":"","background-repeat":"repeat","background-position":"center center","background-size":"auto","background-attachment":"scroll","background-type":"","background-media":"","overlay-type":"","overlay-color":"","overlay-opacity":"","overlay-gradient":""},"mobile":{"background-color":"var(--ast-global-color-5)","background-image":"","background-repeat":"repeat","background-position":"center center","background-size":"auto","background-attachment":"scroll","background-type":"","background-media":"","overlay-type":"","overlay-color":"","overlay-opacity":"","overlay-gradient":""}},"footnotes":""},"class_list":["post-974","page","type-page","status-publish","hentry"],"_links":{"self":[{"href":"https:\/\/steelflights.com\/sk\/wp-json\/wp\/v2\/pages\/974","targetHints":{"allow":["GET"]}}],"collection":[{"href":"https:\/\/steelflights.com\/sk\/wp-json\/wp\/v2\/pages"}],"about":[{"href":"https:\/\/steelflights.com\/sk\/wp-json\/wp\/v2\/types\/page"}],"author":[{"embeddable":true,"href":"https:\/\/steelflights.com\/sk\/wp-json\/wp\/v2\/users\/1"}],"replies":[{"embeddable":true,"href":"https:\/\/steelflights.com\/sk\/wp-json\/wp\/v2\/comments?post=974"}],"version-history":[{"count":4,"href":"https:\/\/steelflights.com\/sk\/wp-json\/wp\/v2\/pages\/974\/revisions"}],"predecessor-version":[{"id":1102,"href":"https:\/\/steelflights.com\/sk\/wp-json\/wp\/v2\/pages\/974\/revisions\/1102"}],"wp:attachment":[{"href":"https:\/\/steelflights.com\/sk\/wp-json\/wp\/v2\/media?parent=974"}],"curies":[{"name":"wp","href":"https:\/\/api.w.org\/{rel}","templated":true}]}}